{"id":9187,"date":"2021-07-29T14:54:41","date_gmt":"2021-07-29T12:54:41","guid":{"rendered":"https:\/\/boklima.de\/?page_id=9187"},"modified":"2022-01-18T13:46:29","modified_gmt":"2022-01-18T12:46:29","slug":"rss-feed-test-seite","status":"publish","type":"page","link":"https:\/\/boklima.de\/?page_id=9187","title":{"rendered":"RSS*-Feeds zum Thema Klima&#8230;  ( \u00dcbersichts-Seite )"},"content":{"rendered":"\n<h2 class=\"wp-block-heading\"><span class=\"ez-toc-section\" id=\"Vorbemerkungen\"><\/span>Vorbemerkungen <span class=\"ez-toc-section-end\"><\/span><\/h2>\n\n\n\n<p>Hier mal eine Sammlung von externen RSS-Feeds, als Vorschlag das auch als \u00f6ffentliche Seite zur Verf\u00fcgung zu stellen.<\/p>\n\n\n\n<p>Hintergrund: <br>Da wir ja eigentlich viele Beitr\u00e4ge verlinken , reinziehen , w\u00e4re evtl. dies ein Mechanismus der Arbeits-Erleichterung und Beschleunigung ?<\/p>\n\n\n\n<p>Hier erst mal einige Feed-Sammlungen.<br>(Leider stellen nicht alle Sites RSS zur Verfuegung)<\/p>\n\n\n\n<p>Weitere W\u00fcnsche (auch zum Layout) , Kritik , Anregungen bitte unten in die freigeschalteten Kommentare.<\/p>\n\n\n\n<hr class=\"wp-block-separator\"\/>\n\n\n\n<p>(*) RSS-Fedd siehe hier : <a href=\"https:\/\/de.wikipedia.org\/wiki\/RSS_(Web-Feed)\" target=\"_blank\" rel=\"noreferrer noopener\">wikipedia <\/a><\/p>\n\n\n\n<hr class=\"wp-block-separator\"\/>\n\n\n\n<h2 class=\"wp-block-heading\"><span class=\"ez-toc-section\" id=\"Feeds-_Ueberblick\"><\/span>Feeds- \u00dcberblick <span class=\"ez-toc-section-end\"><\/span><\/h2>\n\n\n\n<h3 class=\"wp-block-heading\"><span class=\"ez-toc-section\" id=\"Feeds_Seite_1_2\"><\/span>Feeds ( Seite 1 \/ 2 )<span class=\"ez-toc-section-end\"><\/span><\/h3>\n\n\n\n<p>zu den Feeds Seite 1 : <a href=\"https:\/\/boklima.de\/?page_id=10978\">hier<\/a> <\/p>\n\n\n\n<ul class=\"wp-block-list\"><li><a href=\"https:\/\/boklima.de\/?page_id=9187#Lanuv_nrw\">Lanuv nrw<\/a><\/li><li><a href=\"https:\/\/boklima.de\/?page_id=9187#Umwelt_Bundesamt\">Umwelt Bundesamt<\/a><\/li><li><a href=\"https:\/\/boklima.de\/?page_id=9187#tagesschaude_-_klima\">tagesschau.de \u2013 klima<\/a><\/li><li><a href=\"https:\/\/boklima.de\/?page_id=9187#Wuppertal_Institut\">Wuppertal Institut<\/a><\/li><li><a href=\"https:\/\/boklima.de\/?page_id=9187#Klimareporterde_Text-Feeds\">Klimareporter.de (Text-Feeds)<\/a><\/li><li><a href=\"https:\/\/boklima.de\/?page_id=9187#co2onnline_de\">co2onnline .de<\/a><\/li><li><a href=\"https:\/\/boklima.de\/?page_id=9187#NABU_Nordrhein-Westfalen\">NABU Nordrhein-Westfalen<\/a><\/li><li><a href=\"https:\/\/boklima.de\/?page_id=9187#taz_klima\">taz klima<\/a><\/li><li><a href=\"https:\/\/boklima.de\/?page_id=9187#SPIEGELde_Thema_Klima\">SPIEGEL.de Thema Klima<\/a><\/li><li><\/li><\/ul>\n\n\n\n<h3 class=\"wp-block-heading\"><span class=\"ez-toc-section\" id=\"Feeds_Seite_1_2-2\"><\/span>Feeds ( Seite 1 \/ 2 )<span class=\"ez-toc-section-end\"><\/span><\/h3>\n\n\n\n<p>Zu den Feeds &#8211; Seite 2 : <a href=\"https:\/\/boklima.de\/?page_id=10977\">hier<\/a><\/p>\n\n\n\n<ul class=\"wp-block-list\"><li><a href=\"https:\/\/boklima.de\/?page_id=9187#unter_2_Grad_Bundesregierung\">unter 2 Grad (Bundesregierung)<\/a>  z.Zt. defekt<\/li><li><a href=\"https:\/\/boklima.de\/?page_id=9187#Waz_Bochum\">Waz Bochum<\/a><\/li><li><a href=\"https:\/\/boklima.de\/?page_id=9187#sueddeutsche_-_Politik\">sueddeutsche \u2013 Politik<\/a><\/li><li><a href=\"https:\/\/boklima.de\/?page_id=9187#SPIEGELde_komplett_-_RSS-Feed_mit_allen_Artikeln\">SPIEGEL.de komplett \u2013 RSS-Feed mit allen Artikeln<\/a><\/li><li><a href=\"https:\/\/boklima.de\/?page_id=9187#Faznet_Thema_Klima_Energie_und_Umwelt\">Faz.net Thema : Klima Energie und Umwelt<\/a><\/li><li><a href=\"https:\/\/boklima.de\/?page_id=9187#klimaschutz_netz\">klimaschutz netz<\/a><\/li><li><a href=\"https:\/\/boklima.de\/?page_id=9187#Bioskill_Umwelt\">Bioskill Umwelt<\/a><\/li><li><a href=\"https:\/\/boklima.de\/?page_id=9187#neues_energiezeitalter\">neues energiezeitalter<\/a><\/li><\/ul>\n<div id=\"ez-toc-container\" class=\"ez-toc-v2_0_82_2 counter-hierarchy ez-toc-counter ez-toc-transparent ez-toc-container-direction\">\n<div class=\"ez-toc-title-container\">\n<p class=\"ez-toc-title\" style=\"cursor:inherit\">Inhalte dieser Seite :<\/p>\n<span class=\"ez-toc-title-toggle\"><a href=\"#\" class=\"ez-toc-pull-right ez-toc-btn ez-toc-btn-xs ez-toc-btn-default ez-toc-toggle\" aria-label=\"Toggle Table of Content\"><span class=\"ez-toc-js-icon-con\"><span class=\"\"><span class=\"eztoc-hide\" style=\"display:none;\">Toggle<\/span><span class=\"ez-toc-icon-toggle-span\"><svg style=\"fill: #999;color:#999\" xmlns=\"http:\/\/www.w3.org\/2000\/svg\" class=\"list-377408\" width=\"20px\" height=\"20px\" viewBox=\"0 0 24 24\" fill=\"none\"><path d=\"M6 6H4v2h2V6zm14 0H8v2h12V6zM4 11h2v2H4v-2zm16 0H8v2h12v-2zM4 16h2v2H4v-2zm16 0H8v2h12v-2z\" fill=\"currentColor\"><\/path><\/svg><svg style=\"fill: #999;color:#999\" class=\"arrow-unsorted-368013\" xmlns=\"http:\/\/www.w3.org\/2000\/svg\" width=\"10px\" height=\"10px\" viewBox=\"0 0 24 24\" version=\"1.2\" baseProfile=\"tiny\"><path d=\"M18.2 9.3l-6.2-6.3-6.2 6.3c-.2.2-.3.4-.3.7s.1.5.3.7c.2.2.4.3.7.3h11c.3 0 .5-.1.7-.3.2-.2.3-.5.3-.7s-.1-.5-.3-.7zM5.8 14.7l6.2 6.3 6.2-6.3c.2-.2.3-.5.3-.7s-.1-.5-.3-.7c-.2-.2-.4-.3-.7-.3h-11c-.3 0-.5.1-.7.3-.2.2-.3.5-.3.7s.1.5.3.7z\"\/><\/svg><\/span><\/span><\/span><\/a><\/span><\/div>\n<nav><ul class='ez-toc-list ez-toc-list-level-1 eztoc-toggle-hide-by-default' ><li class='ez-toc-page-1 ez-toc-heading-level-2'><a class=\"ez-toc-link ez-toc-heading-1\" href=\"https:\/\/boklima.de\/?page_id=9187\/#Vorbemerkungen\" >Vorbemerkungen<\/a><\/li><li class='ez-toc-page-1 ez-toc-heading-level-2'><a class=\"ez-toc-link ez-toc-heading-2\" href=\"https:\/\/boklima.de\/?page_id=9187\/#Feeds-_Ueberblick\" >Feeds- \u00dcberblick<\/a><ul class='ez-toc-list-level-3' ><li class='ez-toc-heading-level-3'><a class=\"ez-toc-link ez-toc-heading-3\" href=\"https:\/\/boklima.de\/?page_id=9187\/#Feeds_Seite_1_2\" >Feeds ( Seite 1 \/ 2 )<\/a><\/li><li class='ez-toc-page-1 ez-toc-heading-level-3'><a class=\"ez-toc-link ez-toc-heading-4\" href=\"https:\/\/boklima.de\/?page_id=9187\/#Feeds_Seite_1_2-2\" >Feeds ( Seite 1 \/ 2 )<\/a><\/li><\/ul><\/li><\/ul><\/nav><\/div>\n","protected":false},"excerpt":{"rendered":"<p>Vorbemerkungen Hier mal eine Sammlung von externen RSS-Feeds, als Vorschlag das auch als \u00f6ffentliche Seite zur Verf\u00fcgung zu stellen. Hintergrund: Da wir ja eigentlich viele Beitr\u00e4ge verlinken , reinziehen , w\u00e4re evtl. dies ein Mechanismus der Arbeits-Erleichterung und Beschleunigung ? Hier erst mal einige Feed-Sammlungen.(Leider stellen nicht alle Sites RSS zur Verfuegung) Weitere W\u00fcnsche (auch &hellip; <a href=\"https:\/\/boklima.de\/?page_id=9187\" class=\"more-link\"><span class=\"screen-reader-text\">\u201eRSS*-Feeds zum Thema Klima&#8230;  ( \u00dcbersichts-Seite )\u201c <\/span>weiterlesen<\/a><\/p>\n","protected":false},"author":2,"featured_media":0,"parent":0,"menu_order":0,"comment_status":"open","ping_status":"closed","template":"","meta":{"ngg_post_thumbnail":0,"_mc_calendar":[],"footnotes":""},"class_list":["post-9187","page","type-page","status-publish","hentry"],"rttpg_featured_image_url":null,"rttpg_author":{"display_name":"thomas - als admin","author_link":"https:\/\/boklima.de\/?author=2"},"rttpg_comment":0,"rttpg_category":null,"rttpg_excerpt":"Vorbemerkungen Hier mal eine Sammlung von externen RSS-Feeds, als Vorschlag das auch als \u00f6ffentliche Seite zur Verf\u00fcgung zu stellen. Hintergrund: Da wir ja eigentlich viele Beitr\u00e4ge verlinken , reinziehen , w\u00e4re evtl. dies ein Mechanismus der Arbeits-Erleichterung und Beschleunigung ? Hier erst mal einige Feed-Sammlungen.(Leider stellen nicht alle Sites RSS zur Verfuegung) Weitere W\u00fcnsche (auch&hellip;","_links":{"self":[{"href":"https:\/\/boklima.de\/index.php?rest_route=\/wp\/v2\/pages\/9187","targetHints":{"allow":["GET"]}}],"collection":[{"href":"https:\/\/boklima.de\/index.php?rest_route=\/wp\/v2\/pages"}],"about":[{"href":"https:\/\/boklima.de\/index.php?rest_route=\/wp\/v2\/types\/page"}],"author":[{"embeddable":true,"href":"https:\/\/boklima.de\/index.php?rest_route=\/wp\/v2\/users\/2"}],"replies":[{"embeddable":true,"href":"https:\/\/boklima.de\/index.php?rest_route=%2Fwp%2Fv2%2Fcomments&post=9187"}],"version-history":[{"count":10,"href":"https:\/\/boklima.de\/index.php?rest_route=\/wp\/v2\/pages\/9187\/revisions"}],"predecessor-version":[{"id":10991,"href":"https:\/\/boklima.de\/index.php?rest_route=\/wp\/v2\/pages\/9187\/revisions\/10991"}],"wp:attachment":[{"href":"https:\/\/boklima.de\/index.php?rest_route=%2Fwp%2Fv2%2Fmedia&parent=9187"}],"curies":[{"name":"wp","href":"https:\/\/api.w.org\/{rel}","templated":true}]}}