{"id":5362,"date":"2020-06-15T12:55:00","date_gmt":"2020-06-15T10:55:53","guid":{"rendered":"https:\/\/boklima.de\/?page_id=5362"},"modified":"2021-02-02T12:31:42","modified_gmt":"2021-02-02T11:31:42","slug":"aktuell-2-2-2","status":"publish","type":"page","link":"https:\/\/boklima.de\/?page_id=5362","title":{"rendered":"5. KNB (15.06.20) &#8216;Wohnraummanagement&#8217; ; Entwicklung"},"content":{"rendered":"\n<hr class=\"wp-block-separator\"\/>\n\n\n\n<h2 class=\"wp-block-heading\"><span class=\"ez-toc-section\" id=\"5_KNB_150620_Wohnraummanagement\"><\/span>5. KNB (15.06.20) Wohnraummanagement<span class=\"ez-toc-section-end\"><\/span><\/h2>\n\n\n\n<div class=\"wp-block-algori-pdf-viewer-block-algori-pdf-viewer\"><iframe class=\"wp-block-algori-pdf-viewer-block-algori-pdf-viewer-iframe\" src=\"https:\/\/boklima.de\/wp-content\/plugins\/algori-pdf-viewer\/dist\/web\/viewer.html?file=https%3A%2F%2Fboklima.de%2Fwp-content%2Fuploads%2F2021%2F02%2F200615-knb-05-wohnraummanagement-offenerbrief-01-v-20-06-15.pdf\" style=\"width:600px;height:700px\"><\/iframe><\/div>\n\n\n\n<h2 class=\"wp-block-heading\"><span class=\"ez-toc-section\" id=\"150920_Antwort_der_Stadt_auf_einen_Offenen_Brief_zu_aehnlichem_Thema_der_Initiative_%E2%80%98Hinter_der_Kiste\"><\/span>(15.09.20) Antwort der Stadt auf einen Offenen Brief zu \u00e4hnlichem Thema der Initiative &#8216;Hinter der Kiste&#8217;<span class=\"ez-toc-section-end\"><\/span><\/h2>\n\n\n\n<p>Ihr Lieben,&nbsp;hiermit leite ich die Antwort von Herrn Kr\u00f6ck an unsere BI weiter.Mein Vorschlag ist ,Herrn Gr\u00e4f \u201eden Ansto\u00df ausf\u00fchren zu lassen\u201c.Unsere Bi sollte es nicht zu eilig haben.Wir bleiben aber garantiert sehr aufmerksam.Ich als Mitglied der Bochumer Symphoniker wei\u00df, wovon ich rede, als Herr Steude und Konsortien,die Linke und die Gr\u00fcnen sich f\u00fcr mich sehr einpr\u00e4gsam gegen den Bau des Musikforums positionierten. Nebenbei sei erw\u00e4hnt ,dass das Baugrundst\u00fcck neben der ungenutzten Marienkirche durch die Vornutzung als Tankstelle versiegelt war !<br>Diese Klarstellung meiner Vorgeschichte mit hautnah erlebter Kommunalpolitik sch\u00e4rft seitdem meine \u00dcberparteilichkeit, wenn ich als Mitglied der Bi mit Politik und Verwaltung in Bochum argumentiere.So wisst Ihr jetzt, wie und warum ich so und nicht anders politisch \u201eticke\u201c.<br>In dem Sinne viel Gl\u00fcck bei unserer gemeinsamen Arbeit und viele Gr\u00fc\u00dfe<br>&nbsp; &nbsp; &nbsp;Oliver<\/p>\n\n\n\n<div class=\"wp-block-algori-pdf-viewer-block-algori-pdf-viewer\"><iframe class=\"wp-block-algori-pdf-viewer-block-algori-pdf-viewer-iframe\" src=\"https:\/\/boklima.de\/wp-content\/plugins\/algori-pdf-viewer\/dist\/web\/viewer.html?file=https%3A%2F%2Fboklima.de%2Fwp-content%2Fuploads%2F2020%2F09%2F200915-stadtbochum-antwort-offenerbriefh-kroeck-hinterdkiste.pdf\" style=\"width:750px;height:550px\"><\/iframe><\/div>\n\n\n\n<p><\/p>\n\n\n\n<hr class=\"wp-block-separator\"\/>\n\n\n\n<hr class=\"wp-block-separator\"\/>\n\n\n\n<h2 class=\"wp-block-heading\"><span class=\"ez-toc-section\" id=\"Diskussion\"><\/span>Diskussion<span class=\"ez-toc-section-end\"><\/span><\/h2>\n\n\n\n<p>Die Diskussion zu dem offenen Brief &#8216;Wohnraum-Managment&#8217; findet im Forum (f\u00fcr angemeldete Benutzer) <a href=\"https:\/\/boklima.de\/?page_id=343&amp;view=topic&amp;id=130\">hier<\/a> statt.<br>( Forum ==&gt; Kategorie BoKlima Allgemein: ==&gt; Offener Brief (von Nadja) Vorschlag 3. Offener )<\/p>\n\n\n\n<h2 class=\"wp-block-heading\"><span class=\"ez-toc-section\" id=\"Verlauf_Reaktionen\"><\/span>Verlauf Reaktionen<span class=\"ez-toc-section-end\"><\/span><\/h2>\n\n\n\n<p>Hier werden alle aktuellen \u00f6ffentlichen (Blog-) Beitr\u00e4ge im Zusammenhang  mit dem <strong>Offenen Brief zum &#8216;Wohnraum-Management&#8217; <\/strong>aufgef\u00fchrt (neueste zuerst)  :<\/p>\n\n\n\n<p>    <\/p>\n\n\n<div class=\"pt-cv-wrapper\"><div class=\"pt-cv-view pt-cv-grid pt-cv-colsys\" id=\"pt-cv-view-4dc8c04i06\"><div data-id=\"pt-cv-page-1\" class=\"pt-cv-page\" data-cvc=\"2\"><div class=\"col-md-6 col-sm-6 col-xs-12 pt-cv-content-item pt-cv-1-col\" ><div class='pt-cv-ifield'><a href=\"https:\/\/boklima.de\/?p=13092\" class=\"_self pt-cv-href-thumbnail pt-cv-thumb-default\" target=\"_self\" ><img loading=\"lazy\" decoding=\"async\" width=\"310\" height=\"170\" src=\"https:\/\/boklima.de\/wp-content\/uploads\/2023\/04\/image-6.png\" class=\"pt-cv-thumbnail\" alt=\"\" srcset=\"https:\/\/boklima.de\/wp-content\/uploads\/2023\/04\/image-6.png 310w, https:\/\/boklima.de\/wp-content\/uploads\/2023\/04\/image-6-300x165.png 300w\" sizes=\"auto, (max-width: 310px) 85vw, 310px\" \/><\/a>\n<h4 class=\"pt-cv-title\"><span class=\"ez-toc-section\" id=\"Offener_Brief_anlaesslich_der_Ausstellungseroeffnung%E2%80%9EVielfalt_im_Garten_%E2%80%93_Lebensraum_fuer_Insekten_und_Co\"><\/span><a href=\"https:\/\/boklima.de\/?p=13092\" class=\"_self\" target=\"_self\" >Offener Brief anl\u00e4sslich der Ausstellungser\u00f6ffnung\u201eVielfalt im Garten &#8211; Lebensraum f\u00fcr Insekten und Co.<\/a><span class=\"ez-toc-section-end\"><\/span><\/h4>\n<div class=\"pt-cv-content\">15. Klimanotstandsbrief des Bochumer Klimaschutzb\u00fcndnisses \u201eBochum bl\u00fcht und summt\u201c, tut es das wirklich? 15. Klimanotstandsbrief des Bochumer Klimaschutzb\u00fcndnissesAn den Bochumer Stadtbaurat,zugleich Dezernent f\u00fcr Bauen, Umwelt, Mobilit\u00e4t und Nachhaltigkeit \u201eBochum bl\u00fcht ...<br \/><div class=\"pt-cv-rmwrap\"><a href=\"https:\/\/boklima.de\/?p=13092\" class=\"_self pt-cv-readmore btn btn-success\" target=\"_self\">Weiterlesen \u2026<\/a><\/div><\/div><\/div><\/div>\n<div class=\"col-md-6 col-sm-6 col-xs-12 pt-cv-content-item pt-cv-1-col\" ><div class='pt-cv-ifield'><a href=\"https:\/\/boklima.de\/?p=5381\" class=\"_self pt-cv-href-thumbnail pt-cv-thumb-default\" target=\"_self\" ><\/a>\n<h4 class=\"pt-cv-title\"><span class=\"ez-toc-section\" id=\"PM_bei_Bo-Alternativde\"><\/span><a href=\"https:\/\/boklima.de\/?p=5381\" class=\"_self\" target=\"_self\" >PM bei Bo-Alternativ.de<\/a><span class=\"ez-toc-section-end\"><\/span><\/h4>\n<div class=\"pt-cv-content\">Ver\u00f6ffentlichung auf bo-alternativ.de ...<br \/><div class=\"pt-cv-rmwrap\"><a href=\"https:\/\/boklima.de\/?p=5381\" class=\"_self pt-cv-readmore btn btn-success\" target=\"_self\">Weiterlesen \u2026<\/a><\/div><\/div><\/div><\/div>\n<div class=\"col-md-6 col-sm-6 col-xs-12 pt-cv-content-item pt-cv-1-col\" ><div class='pt-cv-ifield'><a href=\"https:\/\/boklima.de\/?p=5375\" class=\"_self pt-cv-href-thumbnail pt-cv-thumb-default\" target=\"_self\" ><\/a>\n<h4 class=\"pt-cv-title\"><span class=\"ez-toc-section\" id=\"Offener_Brief_Wohnraummangament_%E2%80%93_Pressemitteilung_Begleitbrief\"><\/span><a href=\"https:\/\/boklima.de\/?p=5375\" class=\"_self\" target=\"_self\" >Offener Brief Wohnraummangament &#8211; Pressemitteilung Begleitbrief<\/a><span class=\"ez-toc-section-end\"><\/span><\/h4>\n<div class=\"pt-cv-content\">Sehr geehrte Damen und Herren,im Anhang senden wir Ihnen den 5. Offenen Klimanotstandsbericht des Bochumer Klimaschutzb\u00fcndnisses - diesmal zum Wohnraummanagement - zu. Auf 11 Seiten werden Fragen zum Klimaschutz mit ...<br \/><div class=\"pt-cv-rmwrap\"><a href=\"https:\/\/boklima.de\/?p=5375\" class=\"_self pt-cv-readmore btn btn-success\" target=\"_self\">Weiterlesen \u2026<\/a><\/div><\/div><\/div><\/div><\/div><\/div><\/div>\n\n\n\n<hr class=\"wp-block-separator\"\/>\n\n\n\n<h2 class=\"wp-block-heading\"><span class=\"ez-toc-section\" id=\"Vorschau_des_Briefes\"><\/span>Vorschau des Briefes <span class=\"ez-toc-section-end\"><\/span><\/h2>\n\n\n\n<p>&#8212; kommt&#8211;<\/p>\n\n\n\n<hr class=\"wp-block-separator\"\/>\n\n\n<div id=\"ez-toc-container\" class=\"ez-toc-v2_0_81 counter-hierarchy ez-toc-counter ez-toc-transparent ez-toc-container-direction\">\n<div class=\"ez-toc-title-container\">\n<p class=\"ez-toc-title\" style=\"cursor:inherit\">Inhalte dieser Seite :<\/p>\n<span class=\"ez-toc-title-toggle\"><a href=\"#\" class=\"ez-toc-pull-right ez-toc-btn ez-toc-btn-xs ez-toc-btn-default ez-toc-toggle\" aria-label=\"Toggle Table of Content\"><span class=\"ez-toc-js-icon-con\"><span class=\"\"><span class=\"eztoc-hide\" style=\"display:none;\">Toggle<\/span><span class=\"ez-toc-icon-toggle-span\"><svg style=\"fill: #999;color:#999\" xmlns=\"http:\/\/www.w3.org\/2000\/svg\" class=\"list-377408\" width=\"20px\" height=\"20px\" viewBox=\"0 0 24 24\" fill=\"none\"><path d=\"M6 6H4v2h2V6zm14 0H8v2h12V6zM4 11h2v2H4v-2zm16 0H8v2h12v-2zM4 16h2v2H4v-2zm16 0H8v2h12v-2z\" fill=\"currentColor\"><\/path><\/svg><svg style=\"fill: #999;color:#999\" class=\"arrow-unsorted-368013\" xmlns=\"http:\/\/www.w3.org\/2000\/svg\" width=\"10px\" height=\"10px\" viewBox=\"0 0 24 24\" version=\"1.2\" baseProfile=\"tiny\"><path d=\"M18.2 9.3l-6.2-6.3-6.2 6.3c-.2.2-.3.4-.3.7s.1.5.3.7c.2.2.4.3.7.3h11c.3 0 .5-.1.7-.3.2-.2.3-.5.3-.7s-.1-.5-.3-.7zM5.8 14.7l6.2 6.3 6.2-6.3c.2-.2.3-.5.3-.7s-.1-.5-.3-.7c-.2-.2-.4-.3-.7-.3h-11c-.3 0-.5.1-.7.3-.2.2-.3.5-.3.7s.1.5.3.7z\"\/><\/svg><\/span><\/span><\/span><\/a><\/span><\/div>\n<nav><ul class='ez-toc-list ez-toc-list-level-1 eztoc-toggle-hide-by-default' ><li class='ez-toc-page-1 ez-toc-heading-level-2'><a class=\"ez-toc-link ez-toc-heading-1\" href=\"https:\/\/boklima.de\/?page_id=5362\/#5_KNB_150620_Wohnraummanagement\" >5. KNB (15.06.20) Wohnraummanagement<\/a><\/li><li class='ez-toc-page-1 ez-toc-heading-level-2'><a class=\"ez-toc-link ez-toc-heading-2\" href=\"https:\/\/boklima.de\/?page_id=5362\/#150920_Antwort_der_Stadt_auf_einen_Offenen_Brief_zu_aehnlichem_Thema_der_Initiative_%E2%80%98Hinter_der_Kiste\" >(15.09.20) Antwort der Stadt auf einen Offenen Brief zu \u00e4hnlichem Thema der Initiative &#8216;Hinter der Kiste&#8217;<\/a><\/li><li class='ez-toc-page-1 ez-toc-heading-level-2'><a class=\"ez-toc-link ez-toc-heading-3\" href=\"https:\/\/boklima.de\/?page_id=5362\/#Diskussion\" >Diskussion<\/a><\/li><li class='ez-toc-page-1 ez-toc-heading-level-2'><a class=\"ez-toc-link ez-toc-heading-4\" href=\"https:\/\/boklima.de\/?page_id=5362\/#Verlauf_Reaktionen\" >Verlauf Reaktionen<\/a><ul class='ez-toc-list-level-4' ><li class='ez-toc-heading-level-4'><ul class='ez-toc-list-level-4' ><li class='ez-toc-heading-level-4'><a class=\"ez-toc-link ez-toc-heading-5\" href=\"https:\/\/boklima.de\/?page_id=5362\/#Offener_Brief_anlaesslich_der_Ausstellungseroeffnung%E2%80%9EVielfalt_im_Garten_%E2%80%93_Lebensraum_fuer_Insekten_und_Co\" >Offener Brief anl\u00e4sslich der Ausstellungser\u00f6ffnung\u201eVielfalt im Garten &#8211; Lebensraum f\u00fcr Insekten und Co.<\/a><\/li><li class='ez-toc-page-1 ez-toc-heading-level-4'><a class=\"ez-toc-link ez-toc-heading-6\" href=\"https:\/\/boklima.de\/?page_id=5362\/#PM_bei_Bo-Alternativde\" >PM bei Bo-Alternativ.de<\/a><\/li><li class='ez-toc-page-1 ez-toc-heading-level-4'><a class=\"ez-toc-link ez-toc-heading-7\" href=\"https:\/\/boklima.de\/?page_id=5362\/#Offener_Brief_Wohnraummangament_%E2%80%93_Pressemitteilung_Begleitbrief\" >Offener Brief Wohnraummangament &#8211; Pressemitteilung Begleitbrief<\/a><\/li><\/ul><\/li><\/ul><\/li><li class='ez-toc-page-1 ez-toc-heading-level-2'><a class=\"ez-toc-link ez-toc-heading-8\" href=\"https:\/\/boklima.de\/?page_id=5362\/#Vorschau_des_Briefes\" >Vorschau des Briefes<\/a><\/li><\/ul><\/nav><\/div>\n\n","protected":false},"excerpt":{"rendered":"<p>5. KNB (15.06.20) Wohnraummanagement (15.09.20) Antwort der Stadt auf einen Offenen Brief zu \u00e4hnlichem Thema der Initiative &#8216;Hinter der Kiste&#8217; Ihr Lieben,&nbsp;hiermit leite ich die Antwort von Herrn Kr\u00f6ck an unsere BI weiter.Mein Vorschlag ist ,Herrn Gr\u00e4f \u201eden Ansto\u00df ausf\u00fchren zu lassen\u201c.Unsere Bi sollte es nicht zu eilig haben.Wir bleiben aber garantiert sehr aufmerksam.Ich als &hellip; <a href=\"https:\/\/boklima.de\/?page_id=5362\" class=\"more-link\"><span class=\"screen-reader-text\">\u201e5. KNB (15.06.20) &#8216;Wohnraummanagement&#8217; ; Entwicklung\u201c <\/span>weiterlesen<\/a><\/p>\n","protected":false},"author":8,"featured_media":0,"parent":4353,"menu_order":3,"comment_status":"closed","ping_status":"closed","template":"","meta":{"ngg_post_thumbnail":0,"_mc_calendar":[],"footnotes":""},"class_list":["post-5362","page","type-page","status-publish","hentry"],"rttpg_featured_image_url":null,"rttpg_author":{"display_name":"thomas","author_link":"https:\/\/boklima.de\/?author=8"},"rttpg_comment":0,"rttpg_category":null,"rttpg_excerpt":"5. KNB (15.06.20) Wohnraummanagement (15.09.20) Antwort der Stadt auf einen Offenen Brief zu \u00e4hnlichem Thema der Initiative &#8216;Hinter der Kiste&#8217; Ihr Lieben,&nbsp;hiermit leite ich die Antwort von Herrn Kr\u00f6ck an unsere BI weiter.Mein Vorschlag ist ,Herrn Gr\u00e4f \u201eden Ansto\u00df ausf\u00fchren zu lassen\u201c.Unsere Bi sollte es nicht zu eilig haben.Wir bleiben aber garantiert sehr aufmerksam.Ich als&hellip;","_links":{"self":[{"href":"https:\/\/boklima.de\/index.php?rest_route=\/wp\/v2\/pages\/5362","targetHints":{"allow":["GET"]}}],"collection":[{"href":"https:\/\/boklima.de\/index.php?rest_route=\/wp\/v2\/pages"}],"about":[{"href":"https:\/\/boklima.de\/index.php?rest_route=\/wp\/v2\/types\/page"}],"author":[{"embeddable":true,"href":"https:\/\/boklima.de\/index.php?rest_route=\/wp\/v2\/users\/8"}],"replies":[{"embeddable":true,"href":"https:\/\/boklima.de\/index.php?rest_route=%2Fwp%2Fv2%2Fcomments&post=5362"}],"version-history":[{"count":9,"href":"https:\/\/boklima.de\/index.php?rest_route=\/wp\/v2\/pages\/5362\/revisions"}],"predecessor-version":[{"id":7342,"href":"https:\/\/boklima.de\/index.php?rest_route=\/wp\/v2\/pages\/5362\/revisions\/7342"}],"up":[{"embeddable":true,"href":"https:\/\/boklima.de\/index.php?rest_route=\/wp\/v2\/pages\/4353"}],"wp:attachment":[{"href":"https:\/\/boklima.de\/index.php?rest_route=%2Fwp%2Fv2%2Fmedia&parent=5362"}],"curies":[{"name":"wp","href":"https:\/\/api.w.org\/{rel}","templated":true}]}}