{"id":5084,"date":"2020-06-03T12:50:00","date_gmt":"2020-06-03T10:50:07","guid":{"rendered":"https:\/\/boklima.de\/?page_id=5084"},"modified":"2020-12-07T02:02:48","modified_gmt":"2020-12-07T01:02:48","slug":"multiplikatoren-2-7","status":"publish","type":"page","link":"https:\/\/boklima.de\/?page_id=5084","title":{"rendered":"Projekt Film-Clip Stadt-Gr\u00fcn"},"content":{"rendered":"\n<h2 class=\"wp-block-heading\"><span class=\"ez-toc-section\" id=\"Ergebnisse_des_1_Stadt-Gruen_Filmprojektes\"><\/span>Ergebnisse des 1. Stadt-Gr\u00fcn Filmprojektes<span class=\"ez-toc-section-end\"><\/span><\/h2>\n\n\n\n<p>Links zu den 4 Filmen  :<\/p>\n\n\n\n<p>  <\/p>\n\n\n\n<figure class=\"wp-block-table\"><table><tbody><tr><td><img decoding=\"async\" src=\"https:\/\/boklima.de\/wp-content\/uploads\/2020\/08\/200801-clip-bild-01-hinterdkiste.png\" alt=\"Dieses Bild hat ein leeres Alt-Attribut. Der Dateiname ist 200801-clip-bild-01-hinterdkiste.png\"><br><strong><a href=\"http:\/\/media.boklima.de\/nextc\/index.php\/s\/Xdrop6DwTBA2TtP\">Hinter der Kiste<\/a><\/strong><\/td><td><img decoding=\"async\" src=\"https:\/\/boklima.de\/wp-content\/uploads\/2020\/08\/200801-clip-bild-02-schlosspark.png\" alt=\"Dieses Bild hat ein leeres Alt-Attribut. Der Dateiname ist 200801-clip-bild-02-schlosspark.png\"><br><strong><a href=\"http:\/\/media.boklima.de\/nextc\/index.php\/s\/4zSa3ct2Fq7AWKb\">Schlosspark \/ SchlossStra\u00dfe<\/a><\/strong><\/td><\/tr><tr><td><img decoding=\"async\" src=\"https:\/\/boklima.de\/wp-content\/uploads\/2020\/08\/200801-clip-bild-03-wernerfeld.png\" alt=\"Dieses Bild hat ein leeres Alt-Attribut. Der Dateiname ist 200801-clip-bild-03-wernerfeld.png\"><br><strong><a href=\"http:\/\/media.boklima.de\/nextc\/index.php\/s\/fsrWGsAt84MLZYi\">Werner Feld<\/a><\/strong><\/td><td><img decoding=\"async\" src=\"https:\/\/boklima.de\/wp-content\/uploads\/2020\/08\/200801-clip-bild-04-gerthewest.png\" alt=\"Dieses Bild hat ein leeres Alt-Attribut. Der Dateiname ist 200801-clip-bild-04-gerthewest.png\"><br><strong><a href=\"http:\/\/media.boklima.de\/nextc\/index.php\/s\/z3apJFzZ3C5DktS\">Gerthe West<\/a><\/strong><\/td><\/tr><\/tbody><\/table><figcaption><strong><a href=\"http:\/\/media.boklima.de\/nextc\/index.php\/s\/FAbk5YMPpH8qEAj\" target=\"_blank\" rel=\"noreferrer noopener\">Filmclip &#8211; \u00dcbersicht<\/a><\/strong><\/figcaption><\/figure>\n\n\n\n<p class=\"has-background\" style=\"background-color:#e8ffc5\">( Verkleinerte FilmClips f\u00fcr mobilen Zugriff und andere Formate folgen demn\u00e4chst &#8230; )<\/p>\n\n\n\n<div class=\"wp-block-group is-layout-flow wp-block-group-is-layout-flow\"><div class=\"wp-block-group__inner-container\"><\/div><\/div>\n\n\n\n<h2 class=\"wp-block-heading\"><span class=\"ez-toc-section\" id=\"Impressionen_vom_Drehtag\"><\/span>Impressionen vom Drehtag<span class=\"ez-toc-section-end\"><\/span><\/h2>\n\n\n\n<p>    <\/p>\n\n\n\n<figure class=\"wp-block-table\"><table><tbody><tr><td><img decoding=\"async\" src=\"https:\/\/boklima.de\/wp-content\/gallery\/12-xy-hdk-00\/p-200526-220104-is-boklimagruen-hdk-mms-20200526-220104.jpg\" alt=\"Dieses Bild hat ein leeres Alt-Attribut. Der Dateiname ist p-200526-220104-is-boklimagruen-hdk-mms-20200526-220104.jpg\"><\/td><td><img decoding=\"async\" src=\"https:\/\/boklima.de\/wp-content\/gallery\/12-xy-hdk-00\/p-200527-113720-tb-boklimastadtgruen-r2120210.jpg\" alt=\"Dieses Bild hat ein leeres Alt-Attribut. Der Dateiname ist p-200527-113720-tb-boklimastadtgruen-r2120210.jpg\"><\/td><\/tr><tr><td><em><strong><a href=\"https:\/\/boklima.de\/?page_id=4873\">Hinter der Kiste<\/a><\/strong> <\/em><\/td><td><em>Hinter der Kiste<\/em><\/td><\/tr><tr><td><img decoding=\"async\" src=\"https:\/\/boklima.de\/wp-content\/gallery\/14-ab-scp-95\/p-200527-140809-tb-boklimastadtgruen-r2120318.jpg\" alt=\"Dieses Bild hat ein leeres Alt-Attribut. Der Dateiname ist p-200527-140809-tb-boklimastadtgruen-r2120318.jpg\"><\/td><td><img decoding=\"async\" src=\"https:\/\/boklima.de\/wp-content\/gallery\/14-ab-scp-95\/p-200527-132551-tb-boklimastadtgruen-r2120271.jpg\" alt=\"Dieses Bild hat ein leeres Alt-Attribut. Der Dateiname ist p-200527-132551-tb-boklimastadtgruen-r2120271.jpg\"><\/td><\/tr><tr><td><em><strong><a href=\"https:\/\/boklima.de\/?page_id=4925\">Schlo\u00dfstra\u00dfe<\/a><\/strong><\/em><\/td><td><em>Schlo\u00dfstra\u00dfe ( zu f\u00e4llender Baum)<\/em><\/td><\/tr><tr><td><img decoding=\"async\" src=\"https:\/\/boklima.de\/wp-content\/gallery\/16-km-wer-20\/p-200527-151307-tb-boklimastadtgruen-r2120327.jpg\" alt=\"Dieses Bild hat ein leeres Alt-Attribut. Der Dateiname ist p-200527-151307-tb-boklimastadtgruen-r2120327.jpg\"><\/td><td><img decoding=\"async\" src=\"https:\/\/boklima.de\/wp-content\/gallery\/18-wz-gwe-22\/p-200527-171758-tb-boklimastadtgruen--r510389.jpg\" alt=\"Dieses Bild hat ein leeres Alt-Attribut. Der Dateiname ist p-200527-171758-tb-boklimastadtgruen--r510389.jpg\"><\/td><\/tr><tr><td><em><strong><a href=\"https:\/\/boklima.de\/?page_id=4926\">Werner Feld <\/a><\/strong><\/em><\/td><td><em><strong><a href=\"https:\/\/boklima.de\/?page_id=4927\">Gerthe West<\/a><\/strong><\/em><\/td><\/tr><\/tbody><\/table><\/figure>\n\n\n\n<hr class=\"wp-block-separator\"\/>\n\n\n\n<h3 class=\"wp-block-heading\"><span class=\"ez-toc-section\" id=\"Infos_zu_den_Film-Clips\"><\/span>Infos zu den Film-Clips<span class=\"ez-toc-section-end\"><\/span><\/h3>\n\n\n\n<ul class=\"wp-block-list\"><li>Stadt-Gr\u00fcn : Hinter der Kiste , Schlo\u00dfstr , Werner Feld und Gerthe West (Filmer: Pit) , 27.05.20<\/li><li>Stadt-Gr\u00fcn : \u201emeine\u201c Wiese am Kassenbergsfeld (Filmer: Jens) , 29.05.20<br>( Wird noch eingestellt )<\/li><\/ul>\n\n\n\n<h3 class=\"wp-block-heading\"><span class=\"ez-toc-section\" id=\"Verwendetes_weiteres_Karten-_und_Bild-Material\"><\/span>Verwendetes weiteres Karten- und Bild-Material<span class=\"ez-toc-section-end\"><\/span><\/h3>\n\n\n\n<p>F\u00fcr das in den FilmClips verwendetes Karten-Material liegen Freigaben vor von:<\/p>\n\n\n\n<ul class=\"wp-block-list\"><li>Quelle Land NRW \/ GEOportal.NRW<\/li><li>Quelle Stadt Bochum<\/li><li><\/li><\/ul>\n\n\n\n<ul class=\"wp-block-list\"><li>&#8230;<\/li><\/ul>\n\n\n\n<hr class=\"wp-block-separator\"\/>\n\n\n\n<h3 class=\"wp-block-heading\"><span class=\"ez-toc-section\" id=\"Hintergrund_Infos_zu_den_einzelnen_Dreh-Orten_%E2%80%98Stadt-Gruen\"><\/span>Hintergrund Infos zu den einzelnen Dreh-Orten &#8216;Stadt-Gr\u00fcn&#8217;<span class=\"ez-toc-section-end\"><\/span><\/h3>\n\n\n\n<h4 class=\"wp-block-heading\"><span class=\"ez-toc-section\" id=\"Hinter_der_Kiste\"><\/span>Hinter der Kiste<span class=\"ez-toc-section-end\"><\/span><\/h4>\n\n\n\n<ul class=\"wp-block-list\"><li><a rel=\"noreferrer noopener\" href=\"https:\/\/hinter-der-kiste.stadtentwicklung.net\/\" target=\"_blank\">Link zur Initiative <\/a><\/li><li><strong>Kurzbeschreibung<\/strong> : Das Feld und die gr\u00fcne Oase \u201eHinter der Kiste\u201c soll zugebaut werden . Dort stehen einige Nachbarn mit Plakaten. <br>Anschlie\u00dfend ist es sinnvoll ,zu einem Garten zu gehen, um auf die ca15 hohen B\u00e4ume aufmerksam zu machen , die bei der Zuwegung der bebauten Fl\u00e4che gef\u00e4llt werden. Es handelt sich um eine bewirtschaftete Ackerfl\u00e4che, die auch Lebensraum f\u00fcrV\u00f6gel,Rehe,Dachse und F\u00fcchse ist.<\/li><li>Das Gebiet : <br><a rel=\"noreferrer noopener\" href=\"https:\/\/stadtentwicklung.net\/wp-content\/gallery\/wbfp\/WBFP_6.04.jpg?i=1993209313\" target=\"_blank\">https:\/\/stadtentwicklung.net\/wp-content\/gallery\/wbfp\/WBFP_6.04.jpg?i=1993209313<\/a><\/li><\/ul>\n\n\n\n<figure class=\"wp-block-image size-large\"><img decoding=\"async\" src=\"https:\/\/stadtentwicklung.net\/wp-content\/gallery\/wbfp\/WBFP_6.04.jpg?i=1993209313\" alt=\"\"\/><\/figure>\n\n\n\n<h4 class=\"wp-block-heading\"><span class=\"ez-toc-section\" id=\"Schlosspark_Schlossstrasse\"><\/span>Schlosspark \/ Schlossstra\u00dfe<span class=\"ez-toc-section-end\"><\/span><\/h4>\n\n\n\n<ul class=\"wp-block-list\"><li><a rel=\"noreferrer noopener\" href=\"https:\/\/www.initiative-schlosspark.de\/\" target=\"_blank\">Link zur Initiative<\/a>  (<a rel=\"noreferrer noopener\" href=\"https:\/\/www.o-sp.de\/bochum\/plan?S=301&amp;pid=29089\" target=\"_blank\">Bebauungsplan<\/a> )<\/li><li><strong>Kurzbeschreibung<\/strong> : Im vorliegenden Bebauungsplanverfahren, welches 2014 gestartet wurde, geht es um die Inanspruchnahme bislang insb. agrarisch genutzter Fl\u00e4chen innerhalb eines ausgewiesenen Landschaftsschutzgebietes f\u00fcr Wohnbauzwecke.<br>Die betroffenen fl\u00e4chen geh\u00f6ren der Stadt bochum bzw. der universit\u00e4tsnahe Stiftung Situation Kunst (Federf\u00fchrung). Es ist zwingend zu beachten, dass der Gr\u00fcnzug von der Ruhr bis in die Innenstadt als \u201eFrischluftachse\u201c und damit zur Durchl\u00fcftung dient. Eine Durchbrechung darf es nicht geben. Abschlie\u00dfend ist darauf zu achten, dass der Alleecharakter der Schlossstra\u00dfe erhalten bleibt.<\/li><li>Aktueller WAZ-Artikel <a href=\"https:\/\/boklima.de\/wp-content\/gallery\/boklima-pressespiegel\/200525-waz-spdbegruesstwohnbebauungschlossstrasse.jpg\">SPD begr\u00fc\u00dft Wohnbebauung an der Schlo\u00df Str.<\/a> <\/li><\/ul>\n\n\n\n<h4 class=\"wp-block-heading\"><span class=\"ez-toc-section\" id=\"Werner_Feld\"><\/span>Werner Feld<span class=\"ez-toc-section-end\"><\/span><\/h4>\n\n\n\n<ul class=\"wp-block-list\"><li><a rel=\"noreferrer noopener\" href=\"http:\/\/www.wernerfeld.de\/\" target=\"_blank\">Link zur Initiative <\/a>  und  <a rel=\"noreferrer noopener\" href=\"http:\/\/www.profeld.de\/\" target=\"_blank\">profeld<\/a> <\/li><li><strong>Kurzbeschreibung<\/strong> : Das Werner Feld ist ein Teil meines Lebens, als Kind bin ich dort zum Schwimmbad gefahren, habe dort die ersten Freund- und Liebschaften geschlossen, es war mein R\u00fcckzugsort\u2026 H\u00e4tte mir jemand vor 10 Jahren gesagt, dass ich dort einen  Schrebergarten habe werde, h\u00e4tte ich den Vogel gezeigt\u2026.jetzt bin ich seit sieben Jahren Kleingartenbesitzerin\u2026. und sooooooo gl\u00fccklich.<br>Direkt neben meinem Garten w\u00e4re diese Strasse verlaufen, h\u00e4tte alles zunichte gemacht, die Ruhe, die Flora und Fauna\u2026. Ich bin gl\u00fccklich und dankbar, dass wir es mit vereinten Kr\u00e4ften geschafft haben, diese gr\u00fcne Lunge im Osten Bochums zu retten. F\u00fcr Spazierg\u00e4nger, Hundebesitzer und Kleing\u00e4rtner!, spielende Kinder und Paare im Zweisamkeits- oder &#8220;wir &#8211; m\u00fcssen- reden&#8221;-Modus. Und: Langendreer und Werne k\u00f6nnen dadurch einer \u00dcberflutung in StarkREGENzeiten entkommen, zuviele versiegelte Fl\u00e4chen erh\u00f6hen die Gefahr, dass genau die eben genannten Gebiete unter Wasser stehen, in der Vergangenheit schon oft geschehen\u2026<\/li><\/ul>\n\n\n\n<h4 class=\"wp-block-heading\"><span class=\"ez-toc-section\" id=\"Gerthe_West\"><\/span>Gerthe West<span class=\"ez-toc-section-end\"><\/span><\/h4>\n\n\n\n<ul class=\"wp-block-list\"><li><a rel=\"noreferrer noopener\" href=\"https:\/\/gerthe-west-so-nicht.de\/\" target=\"_blank\">Link zur Initiative<\/a> <\/li><li>Kurzbeschreibung : &#8230;<\/li><\/ul>\n\n\n\n<h4 class=\"wp-block-heading\"><span class=\"ez-toc-section\" id=\"Wiese_am_Kassenbergsfeld\"><\/span>Wiese am Kassenbergsfeld<span class=\"ez-toc-section-end\"><\/span><\/h4>\n\n\n\n<ul class=\"wp-block-list\"><li>Wiese am Kassenbergsfeld :<ul><li>Kurzbeschreibung :<\/li><\/ul><\/li><\/ul>\n\n\n\n<hr class=\"wp-block-separator\"\/>\n\n\n\n<h3 class=\"wp-block-heading\"><span class=\"ez-toc-section\" id=\"Links_zu_Bildern_waehrend_des_Drehs\"><\/span>Links zu Bildern w\u00e4hrend des Drehs <span class=\"ez-toc-section-end\"><\/span><\/h3>\n\n\n\n<p>( Einige Stimmungs-Bilder zu den Dreh-Orten )<\/p>\n\n\n\n<ul class=\"wp-block-list\"><li><a href=\"https:\/\/boklima.de\/?page_id=4873\">Hinter der Kiste<\/a><\/li><li><a href=\"https:\/\/boklima.de\/?page_id=4925\">Schlo\u00dfstra\u00dfe <\/a><\/li><li><a href=\"https:\/\/boklima.de\/?page_id=4926\">Werner Feld <\/a><\/li><li><a href=\"https:\/\/boklima.de\/?page_id=4927\">Gerthe West <\/a><\/li><li>Wiese am Kassenbergsfeld<\/li><\/ul>\n\n\n\n<h2 class=\"wp-block-heading\"><span class=\"ez-toc-section\" id=\"Aufruf_Idee_des_Stadt-Gruen_Film-Clip-Projektes\"><\/span>Aufruf , Idee des Stadt-Gr\u00fcn Film-Clip-Projektes<span class=\"ez-toc-section-end\"><\/span><\/h2>\n\n\n\n<p>Liebe Klimafreundinnen und -freunde,<\/p>\n\n\n\n<p>viele von uns kennen B\u00e4ume, W\u00e4ldchen, Siepen, also kleine T\u00e4ler, Parks, Landschafts- und Naturschutzgebiete, verwilderte Ecken, Vogelhecken, T\u00fcmpel, G\u00e4rten, Friedh\u00f6fe, Wiesen und alle m\u00f6glichen Pflanzfl\u00e4chen, die ihnen am Herzen liegen und \u00fcber deren Fortbestand sie besorgt sind, oder deren Verlust sie bereits beklagen m\u00fcssen. Daneben gibt es in Bochum aber auch f\u00fcr den Naturschutz bedeutsame oder vorbildliche Fl\u00e4chen, f\u00fcr die Ihr Euch in der Vergangenheit vielleicht erfolgreich eingesetzt habt.&nbsp;&nbsp;<\/p>\n\n\n\n<h3 class=\"wp-block-heading\"><span class=\"ez-toc-section\" id=\"Ueber_all_diese_%E2%80%9CStadtgruens%E2%80%9D_moechten_wir_einen_Film_machen_mit_Euch_vor_Ort\"><\/span><strong>\u00dcber all diese &#8220;Stadtgr\u00fcns&#8221; m\u00f6chten wir einen Film machen, mit Euch, vor Ort!<\/strong><span class=\"ez-toc-section-end\"><\/span><\/h3>\n\n\n\n<p>Vor laufender Kamera stellt Ihr Euer &#8220;Stadtgr\u00fcn&#8221; nebst der Euch wichtigen Flora (und Fauna) in einem Umfang, der Euch angemessen erscheint, mit Euren Worten und nat\u00fcrlich an den entsprechenden Orten vor. So ein Interview\/Statement dauert wenige Minuten, mehr nicht. So entstehen zahlreiche Mosaiksteine \u00fcber Bochums &#8220;Stadtgr\u00fcn&#8221; und engagierte Menschen, die sich darum k\u00fcmmern. Diese einzelnen Interviews k\u00f6nnen sich \u00fcber die Zeit zu einem mehr oder weniger vollst\u00e4ndigen Bild f\u00fcgen und gleichzeitig Zeitdokumente sein, die au\u00dferdem auch \u00fcber einen l\u00e4ngeren Zeitraum fortgeschrieben werden k\u00f6nnten.<\/p>\n\n\n\n<p>Als zeitliche Perspektive f\u00fcr die ersten &#8220;Drehs&#8221; schweben uns die n\u00e4chsten 4 bis 6 Wochen vor, also bis Ende Mai: eine wunderbare Zeit, um drau\u00dfen in der Natur zu filmen. Danach, am 6.6.2020, also p\u00fcnktlich zum ersten Jahrestag der Ausrufung des Klimanotstands in Bochum, k\u00f6nnte die Premiere dieses Films bzw. der einzelnen Clips stattfinden &#8211; auf welche Weise auch immer diese dann durchgef\u00fchrt werden k\u00f6nnte.&nbsp;<\/p>\n\n\n\n<p>Als Filmer wurde schon ein Umwelt- und Videoenthusiast aus M\u00fclheim, Peter sein Name, gefunden. Er ist auch in der Lage den Schnitt zu besorgen, Vor- und Nachspann zu erstellen, sowie Fotos, Lagepl\u00e4ne etc. einzublenden. Die aktuellen Corona-Regeln w\u00fcrden eingehalten, da sich jeweils nur Peter mit einem von Euch vor Ort, also im Freien, treffen w\u00fcrde. Auch die 2 m Abstand und mehr lie\u00dfen sich ohne weiteres einhalten.<\/p>\n\n\n\n<p>Bitte meldet Euch und sagt uns:<\/p>\n\n\n\n<ul class=\"wp-block-list\"><li>Euren Namen<\/li><li>um welches &#8220;Stadtgr\u00fcn&#8221; es geht<\/li><li>ob es bedroht, bereits Vergangenheit oder ein erfolgreiches Beispiel ist<\/li><li>was Euch daran besonders wichtig ist<\/li><li>eventuell Einzelheiten zu Fauna und Flora<\/li><li>was ihr sonst noch gerne erz\u00e4hlen w\u00fcrdet<\/li><\/ul>\n\n\n\n<p>Wir sind gespannt. Und wie gesagt: es kann sofort losgehen!<\/p>\n\n\n\n<hr class=\"wp-block-separator\"\/>\n\n\n\n<p>Im Forum ist es <a href=\"https:\/\/boklima.de\/?page_id=343&amp;view=topic&amp;id=139\">hier<\/a> zu finden <\/p>\n\n\n\n<p>=================<\/p>\n<div id=\"ez-toc-container\" class=\"ez-toc-v2_0_82_2 counter-hierarchy ez-toc-counter ez-toc-transparent ez-toc-container-direction\">\n<div class=\"ez-toc-title-container\">\n<p class=\"ez-toc-title\" style=\"cursor:inherit\">Inhalte dieser Seite :<\/p>\n<span class=\"ez-toc-title-toggle\"><a href=\"#\" class=\"ez-toc-pull-right ez-toc-btn ez-toc-btn-xs ez-toc-btn-default ez-toc-toggle\" aria-label=\"Toggle Table of Content\"><span class=\"ez-toc-js-icon-con\"><span class=\"\"><span class=\"eztoc-hide\" style=\"display:none;\">Toggle<\/span><span class=\"ez-toc-icon-toggle-span\"><svg style=\"fill: #999;color:#999\" xmlns=\"http:\/\/www.w3.org\/2000\/svg\" class=\"list-377408\" width=\"20px\" height=\"20px\" viewBox=\"0 0 24 24\" fill=\"none\"><path d=\"M6 6H4v2h2V6zm14 0H8v2h12V6zM4 11h2v2H4v-2zm16 0H8v2h12v-2zM4 16h2v2H4v-2zm16 0H8v2h12v-2z\" fill=\"currentColor\"><\/path><\/svg><svg style=\"fill: #999;color:#999\" class=\"arrow-unsorted-368013\" xmlns=\"http:\/\/www.w3.org\/2000\/svg\" width=\"10px\" height=\"10px\" viewBox=\"0 0 24 24\" version=\"1.2\" baseProfile=\"tiny\"><path d=\"M18.2 9.3l-6.2-6.3-6.2 6.3c-.2.2-.3.4-.3.7s.1.5.3.7c.2.2.4.3.7.3h11c.3 0 .5-.1.7-.3.2-.2.3-.5.3-.7s-.1-.5-.3-.7zM5.8 14.7l6.2 6.3 6.2-6.3c.2-.2.3-.5.3-.7s-.1-.5-.3-.7c-.2-.2-.4-.3-.7-.3h-11c-.3 0-.5.1-.7.3-.2.2-.3.5-.3.7s.1.5.3.7z\"\/><\/svg><\/span><\/span><\/span><\/a><\/span><\/div>\n<nav><ul class='ez-toc-list ez-toc-list-level-1 eztoc-toggle-hide-by-default' ><li class='ez-toc-page-1 ez-toc-heading-level-2'><a class=\"ez-toc-link ez-toc-heading-1\" href=\"https:\/\/boklima.de\/?page_id=5084\/#Ergebnisse_des_1_Stadt-Gruen_Filmprojektes\" >Ergebnisse des 1. Stadt-Gr\u00fcn Filmprojektes<\/a><\/li><li class='ez-toc-page-1 ez-toc-heading-level-2'><a class=\"ez-toc-link ez-toc-heading-2\" href=\"https:\/\/boklima.de\/?page_id=5084\/#Impressionen_vom_Drehtag\" >Impressionen vom Drehtag<\/a><ul class='ez-toc-list-level-3' ><li class='ez-toc-heading-level-3'><a class=\"ez-toc-link ez-toc-heading-3\" href=\"https:\/\/boklima.de\/?page_id=5084\/#Infos_zu_den_Film-Clips\" >Infos zu den Film-Clips<\/a><\/li><li class='ez-toc-page-1 ez-toc-heading-level-3'><a class=\"ez-toc-link ez-toc-heading-4\" href=\"https:\/\/boklima.de\/?page_id=5084\/#Verwendetes_weiteres_Karten-_und_Bild-Material\" >Verwendetes weiteres Karten- und Bild-Material<\/a><\/li><li class='ez-toc-page-1 ez-toc-heading-level-3'><a class=\"ez-toc-link ez-toc-heading-5\" href=\"https:\/\/boklima.de\/?page_id=5084\/#Hintergrund_Infos_zu_den_einzelnen_Dreh-Orten_%E2%80%98Stadt-Gruen\" >Hintergrund Infos zu den einzelnen Dreh-Orten &#8216;Stadt-Gr\u00fcn&#8217;<\/a><ul class='ez-toc-list-level-4' ><li class='ez-toc-heading-level-4'><a class=\"ez-toc-link ez-toc-heading-6\" href=\"https:\/\/boklima.de\/?page_id=5084\/#Hinter_der_Kiste\" >Hinter der Kiste<\/a><\/li><li class='ez-toc-page-1 ez-toc-heading-level-4'><a class=\"ez-toc-link ez-toc-heading-7\" href=\"https:\/\/boklima.de\/?page_id=5084\/#Schlosspark_Schlossstrasse\" >Schlosspark \/ Schlossstra\u00dfe<\/a><\/li><li class='ez-toc-page-1 ez-toc-heading-level-4'><a class=\"ez-toc-link ez-toc-heading-8\" href=\"https:\/\/boklima.de\/?page_id=5084\/#Werner_Feld\" >Werner Feld<\/a><\/li><li class='ez-toc-page-1 ez-toc-heading-level-4'><a class=\"ez-toc-link ez-toc-heading-9\" href=\"https:\/\/boklima.de\/?page_id=5084\/#Gerthe_West\" >Gerthe West<\/a><\/li><li class='ez-toc-page-1 ez-toc-heading-level-4'><a class=\"ez-toc-link ez-toc-heading-10\" href=\"https:\/\/boklima.de\/?page_id=5084\/#Wiese_am_Kassenbergsfeld\" >Wiese am Kassenbergsfeld<\/a><\/li><\/ul><\/li><li class='ez-toc-page-1 ez-toc-heading-level-3'><a class=\"ez-toc-link ez-toc-heading-11\" href=\"https:\/\/boklima.de\/?page_id=5084\/#Links_zu_Bildern_waehrend_des_Drehs\" >Links zu Bildern w\u00e4hrend des Drehs<\/a><\/li><\/ul><\/li><li class='ez-toc-page-1 ez-toc-heading-level-2'><a class=\"ez-toc-link ez-toc-heading-12\" href=\"https:\/\/boklima.de\/?page_id=5084\/#Aufruf_Idee_des_Stadt-Gruen_Film-Clip-Projektes\" >Aufruf , Idee des Stadt-Gr\u00fcn Film-Clip-Projektes<\/a><ul class='ez-toc-list-level-3' ><li class='ez-toc-heading-level-3'><a class=\"ez-toc-link ez-toc-heading-13\" href=\"https:\/\/boklima.de\/?page_id=5084\/#Ueber_all_diese_%E2%80%9CStadtgruens%E2%80%9D_moechten_wir_einen_Film_machen_mit_Euch_vor_Ort\" >\u00dcber all diese &#8220;Stadtgr\u00fcns&#8221; m\u00f6chten wir einen Film machen, mit Euch, vor Ort!<\/a><\/li><\/ul><\/li><\/ul><\/nav><\/div>\n","protected":false},"excerpt":{"rendered":"<p>Ergebnisse des 1. Stadt-Gr\u00fcn Filmprojektes Links zu den 4 Filmen : Hinter der Kiste Schlosspark \/ SchlossStra\u00dfe Werner Feld Gerthe West Filmclip &#8211; \u00dcbersicht ( Verkleinerte FilmClips f\u00fcr mobilen Zugriff und andere Formate folgen demn\u00e4chst &#8230; ) Impressionen vom Drehtag Hinter der Kiste Hinter der Kiste Schlo\u00dfstra\u00dfe Schlo\u00dfstra\u00dfe ( zu f\u00e4llender Baum) Werner Feld Gerthe &hellip; <a href=\"https:\/\/boklima.de\/?page_id=5084\" class=\"more-link\"><span class=\"screen-reader-text\">\u201eProjekt Film-Clip Stadt-Gr\u00fcn\u201c <\/span>weiterlesen<\/a><\/p>\n","protected":false},"author":8,"featured_media":5765,"parent":25,"menu_order":13,"comment_status":"closed","ping_status":"closed","template":"","meta":{"ngg_post_thumbnail":0,"_mc_calendar":[],"footnotes":""},"class_list":["post-5084","page","type-page","status-publish","has-post-thumbnail","hentry"],"rttpg_featured_image_url":{"full":["https:\/\/boklima.de\/wp-content\/uploads\/2020\/08\/p-200527-132551-tb-boklimastadtgruen-r2120271-364x205-1.jpg",364,205,false],"landscape":["https:\/\/boklima.de\/wp-content\/uploads\/2020\/08\/p-200527-132551-tb-boklimastadtgruen-r2120271-364x205-1.jpg",364,205,false],"portraits":["https:\/\/boklima.de\/wp-content\/uploads\/2020\/08\/p-200527-132551-tb-boklimastadtgruen-r2120271-364x205-1.jpg",364,205,false],"thumbnail":["https:\/\/boklima.de\/wp-content\/uploads\/2020\/08\/p-200527-132551-tb-boklimastadtgruen-r2120271-364x205-1-150x150.jpg",150,150,true],"medium":["https:\/\/boklima.de\/wp-content\/uploads\/2020\/08\/p-200527-132551-tb-boklimastadtgruen-r2120271-364x205-1-300x169.jpg",300,169,true],"large":["https:\/\/boklima.de\/wp-content\/uploads\/2020\/08\/p-200527-132551-tb-boklimastadtgruen-r2120271-364x205-1.jpg",364,205,false],"1536x1536":["https:\/\/boklima.de\/wp-content\/uploads\/2020\/08\/p-200527-132551-tb-boklimastadtgruen-r2120271-364x205-1.jpg",364,205,false],"2048x2048":["https:\/\/boklima.de\/wp-content\/uploads\/2020\/08\/p-200527-132551-tb-boklimastadtgruen-r2120271-364x205-1.jpg",364,205,false],"post-thumbnail":["https:\/\/boklima.de\/wp-content\/uploads\/2020\/08\/p-200527-132551-tb-boklimastadtgruen-r2120271-364x205-1.jpg",364,205,false]},"rttpg_author":{"display_name":"thomas","author_link":"https:\/\/boklima.de\/?author=8"},"rttpg_comment":0,"rttpg_category":null,"rttpg_excerpt":"Ergebnisse des 1. Stadt-Gr\u00fcn Filmprojektes Links zu den 4 Filmen : Hinter der Kiste Schlosspark \/ SchlossStra\u00dfe Werner Feld Gerthe West Filmclip &#8211; \u00dcbersicht ( Verkleinerte FilmClips f\u00fcr mobilen Zugriff und andere Formate folgen demn\u00e4chst &#8230; ) Impressionen vom Drehtag Hinter der Kiste Hinter der Kiste Schlo\u00dfstra\u00dfe Schlo\u00dfstra\u00dfe ( zu f\u00e4llender Baum) Werner Feld Gerthe&hellip;","_links":{"self":[{"href":"https:\/\/boklima.de\/index.php?rest_route=\/wp\/v2\/pages\/5084","targetHints":{"allow":["GET"]}}],"collection":[{"href":"https:\/\/boklima.de\/index.php?rest_route=\/wp\/v2\/pages"}],"about":[{"href":"https:\/\/boklima.de\/index.php?rest_route=\/wp\/v2\/types\/page"}],"author":[{"embeddable":true,"href":"https:\/\/boklima.de\/index.php?rest_route=\/wp\/v2\/users\/8"}],"replies":[{"embeddable":true,"href":"https:\/\/boklima.de\/index.php?rest_route=%2Fwp%2Fv2%2Fcomments&post=5084"}],"version-history":[{"count":10,"href":"https:\/\/boklima.de\/index.php?rest_route=\/wp\/v2\/pages\/5084\/revisions"}],"predecessor-version":[{"id":6864,"href":"https:\/\/boklima.de\/index.php?rest_route=\/wp\/v2\/pages\/5084\/revisions\/6864"}],"up":[{"embeddable":true,"href":"https:\/\/boklima.de\/index.php?rest_route=\/wp\/v2\/pages\/25"}],"wp:featuredmedia":[{"embeddable":true,"href":"https:\/\/boklima.de\/index.php?rest_route=\/wp\/v2\/media\/5765"}],"wp:attachment":[{"href":"https:\/\/boklima.de\/index.php?rest_route=%2Fwp%2Fv2%2Fmedia&parent=5084"}],"curies":[{"name":"wp","href":"https:\/\/api.w.org\/{rel}","templated":true}]}}