{"id":4926,"date":"2020-05-28T19:00:00","date_gmt":"2020-05-28T17:00:54","guid":{"rendered":"https:\/\/boklima.de\/?page_id=4926"},"modified":"2020-06-05T13:32:08","modified_gmt":"2020-06-05T11:32:08","slug":"multiplikatoren-2-6-3","status":"publish","type":"page","link":"https:\/\/boklima.de\/?page_id=4926","title":{"rendered":"AG FilmClip StadtGr\u00fcn &#8211; WernerFeld"},"content":{"rendered":"\n<p> <\/p>\n\n\n\n<hr class=\"wp-block-separator\"\/>\n\n\n\n<h2 class=\"wp-block-heading\">\u00dcbersicht Bilder<\/h2>\n\n\n\n<p>Dreh-Tag Mi 27.05.20 , Thema StadtGr\u00fcn &#8211; FilmClip f\u00fcr BoKlima <\/p>\n\n\n\n<hr class=\"wp-block-separator\"\/>\n\n\nngg_shortcode_0_placeholder\n\n\n\n<hr class=\"wp-block-separator\"\/>\n\n\n\n<p>Link zum Film : kommt<\/p>\n\n\n\n<hr class=\"wp-block-separator\"\/>\n\n\n\n<p>Zur\u00fcck zur <a href=\"https:\/\/boklima.de\/?page_id=5084\">Projekt-Seite Stadt-Gr\u00fcn<\/a><\/p>\n","protected":false},"excerpt":{"rendered":"<p>\u00dcbersicht Bilder Dreh-Tag Mi 27.05.20 , Thema StadtGr\u00fcn &#8211; FilmClip f\u00fcr BoKlima Link zum Film : kommt Zur\u00fcck zur Projekt-Seite Stadt-Gr\u00fcn<\/p>\n","protected":false},"author":8,"featured_media":0,"parent":5084,"menu_order":2,"comment_status":"closed","ping_status":"closed","template":"","meta":{"ngg_post_thumbnail":0,"_mc_calendar":[],"footnotes":""},"class_list":["post-4926","page","type-page","status-publish","hentry"],"rttpg_featured_image_url":null,"rttpg_author":{"display_name":"thomas","author_link":"https:\/\/boklima.de\/?author=8"},"rttpg_comment":0,"rttpg_category":null,"rttpg_excerpt":"\u00dcbersicht Bilder Dreh-Tag Mi 27.05.20 , Thema StadtGr\u00fcn &#8211; FilmClip f\u00fcr BoKlima Link zum Film : kommt Zur\u00fcck zur Projekt-Seite Stadt-Gr\u00fcn","_links":{"self":[{"href":"https:\/\/boklima.de\/index.php?rest_route=\/wp\/v2\/pages\/4926","targetHints":{"allow":["GET"]}}],"collection":[{"href":"https:\/\/boklima.de\/index.php?rest_route=\/wp\/v2\/pages"}],"about":[{"href":"https:\/\/boklima.de\/index.php?rest_route=\/wp\/v2\/types\/page"}],"author":[{"embeddable":true,"href":"https:\/\/boklima.de\/index.php?rest_route=\/wp\/v2\/users\/8"}],"replies":[{"embeddable":true,"href":"https:\/\/boklima.de\/index.php?rest_route=%2Fwp%2Fv2%2Fcomments&post=4926"}],"version-history":[{"count":5,"href":"https:\/\/boklima.de\/index.php?rest_route=\/wp\/v2\/pages\/4926\/revisions"}],"predecessor-version":[{"id":5147,"href":"https:\/\/boklima.de\/index.php?rest_route=\/wp\/v2\/pages\/4926\/revisions\/5147"}],"up":[{"embeddable":true,"href":"https:\/\/boklima.de\/index.php?rest_route=\/wp\/v2\/pages\/5084"}],"wp:attachment":[{"href":"https:\/\/boklima.de\/index.php?rest_route=%2Fwp%2Fv2%2Fmedia&parent=4926"}],"curies":[{"name":"wp","href":"https:\/\/api.w.org\/{rel}","templated":true}]}}