{"id":4873,"date":"2020-05-28T18:26:00","date_gmt":"2020-05-28T16:26:38","guid":{"rendered":"https:\/\/boklima.de\/?page_id=4873"},"modified":"2020-06-06T20:39:34","modified_gmt":"2020-06-06T18:39:34","slug":"multiplikatoren-2-6","status":"publish","type":"page","link":"https:\/\/boklima.de\/?page_id=4873","title":{"rendered":"AG FilmClip StadtGr\u00fcn &#8211; HinterDerKiste"},"content":{"rendered":"\n<p> <\/p>\n\n\n\n<hr class=\"wp-block-separator\"\/>\n\n\n\n<h2 class=\"wp-block-heading\">\u00dcbersicht Bilder<\/h2>\n\n\n\n<p>Dreh-Tag Mi 27.05.20 , Thema StadtGr\u00fcn &#8211; FilmClip f\u00fcr BoKlima <\/p>\n\n\n\n<hr class=\"wp-block-separator\"\/>\n\n\nngg_shortcode_0_placeholder\n\n\n\n<hr class=\"wp-block-separator\"\/>\n\n\n\n<p>Link zum Film : kommt<\/p>\n\n\n\n<hr class=\"wp-block-separator\"\/>\n\n\n\n<p>Zur\u00fcck zur <a href=\"https:\/\/boklima.de\/?page_id=5084\">Projekt-Seite Stadt-Gr\u00fcn<\/a><\/p>\n","protected":false},"excerpt":{"rendered":"<p>\u00dcbersicht Bilder Dreh-Tag Mi 27.05.20 , Thema StadtGr\u00fcn &#8211; FilmClip f\u00fcr BoKlima Link zum Film : kommt Zur\u00fcck zur Projekt-Seite Stadt-Gr\u00fcn<\/p>\n","protected":false},"author":8,"featured_media":5195,"parent":5084,"menu_order":0,"comment_status":"closed","ping_status":"closed","template":"","meta":{"ngg_post_thumbnail":0,"_mc_calendar":[],"footnotes":""},"class_list":["post-4873","page","type-page","status-publish","has-post-thumbnail","hentry"],"rttpg_featured_image_url":{"full":["https:\/\/boklima.de\/wp-content\/uploads\/2020\/06\/p-200528-202750-is-boklimagruen-hdk-mms-20200528-202750.jpg",1800,875,false],"landscape":["https:\/\/boklima.de\/wp-content\/uploads\/2020\/06\/p-200528-202750-is-boklimagruen-hdk-mms-20200528-202750.jpg",1800,875,false],"portraits":["https:\/\/boklima.de\/wp-content\/uploads\/2020\/06\/p-200528-202750-is-boklimagruen-hdk-mms-20200528-202750.jpg",1800,875,false],"thumbnail":["https:\/\/boklima.de\/wp-content\/uploads\/2020\/06\/p-200528-202750-is-boklimagruen-hdk-mms-20200528-202750-150x150.jpg",150,150,true],"medium":["https:\/\/boklima.de\/wp-content\/uploads\/2020\/06\/p-200528-202750-is-boklimagruen-hdk-mms-20200528-202750-300x146.jpg",300,146,true],"large":["https:\/\/boklima.de\/wp-content\/uploads\/2020\/06\/p-200528-202750-is-boklimagruen-hdk-mms-20200528-202750-1024x498.jpg",840,409,true],"1536x1536":["https:\/\/boklima.de\/wp-content\/uploads\/2020\/06\/p-200528-202750-is-boklimagruen-hdk-mms-20200528-202750-1536x747.jpg",1536,747,true],"2048x2048":["https:\/\/boklima.de\/wp-content\/uploads\/2020\/06\/p-200528-202750-is-boklimagruen-hdk-mms-20200528-202750.jpg",1800,875,false],"post-thumbnail":["https:\/\/boklima.de\/wp-content\/uploads\/2020\/06\/p-200528-202750-is-boklimagruen-hdk-mms-20200528-202750-1200x583.jpg",1200,583,true]},"rttpg_author":{"display_name":"thomas","author_link":"https:\/\/boklima.de\/?author=8"},"rttpg_comment":0,"rttpg_category":null,"rttpg_excerpt":"\u00dcbersicht Bilder Dreh-Tag Mi 27.05.20 , Thema StadtGr\u00fcn &#8211; FilmClip f\u00fcr BoKlima Link zum Film : kommt Zur\u00fcck zur Projekt-Seite Stadt-Gr\u00fcn","_links":{"self":[{"href":"https:\/\/boklima.de\/index.php?rest_route=\/wp\/v2\/pages\/4873","targetHints":{"allow":["GET"]}}],"collection":[{"href":"https:\/\/boklima.de\/index.php?rest_route=\/wp\/v2\/pages"}],"about":[{"href":"https:\/\/boklima.de\/index.php?rest_route=\/wp\/v2\/types\/page"}],"author":[{"embeddable":true,"href":"https:\/\/boklima.de\/index.php?rest_route=\/wp\/v2\/users\/8"}],"replies":[{"embeddable":true,"href":"https:\/\/boklima.de\/index.php?rest_route=%2Fwp%2Fv2%2Fcomments&post=4873"}],"version-history":[{"count":9,"href":"https:\/\/boklima.de\/index.php?rest_route=\/wp\/v2\/pages\/4873\/revisions"}],"predecessor-version":[{"id":5145,"href":"https:\/\/boklima.de\/index.php?rest_route=\/wp\/v2\/pages\/4873\/revisions\/5145"}],"up":[{"embeddable":true,"href":"https:\/\/boklima.de\/index.php?rest_route=\/wp\/v2\/pages\/5084"}],"wp:featuredmedia":[{"embeddable":true,"href":"https:\/\/boklima.de\/index.php?rest_route=\/wp\/v2\/media\/5195"}],"wp:attachment":[{"href":"https:\/\/boklima.de\/index.php?rest_route=%2Fwp%2Fv2%2Fmedia&parent=4873"}],"curies":[{"name":"wp","href":"https:\/\/api.w.org\/{rel}","templated":true}]}}