{"id":4400,"date":"2020-04-14T11:05:44","date_gmt":"2020-04-14T09:05:44","guid":{"rendered":"http:\/\/boklima.de\/?page_id=4400"},"modified":"2020-04-14T11:16:41","modified_gmt":"2020-04-14T09:16:41","slug":"wir-ueber-uns","status":"publish","type":"page","link":"https:\/\/boklima.de\/?page_id=4400","title":{"rendered":"Wir \u00fcber uns"},"content":{"rendered":"\n<hr class=\"wp-block-separator\"\/>\n\n\n<div class=\"pt-cv-wrapper\"><div class=\"pt-cv-view pt-cv-grid pt-cv-colsys\" id=\"pt-cv-view-5cd83c64c5\"><div data-id=\"pt-cv-page-1\" class=\"pt-cv-page\" data-cvc=\"2\"><div class=\"col-md-6 col-sm-6 col-xs-12 pt-cv-content-item pt-cv-1-col\" ><div class='pt-cv-ifield'><a href=\"https:\/\/boklima.de\/?p=4083\" class=\"_self pt-cv-href-thumbnail pt-cv-thumb-default\" target=\"_self\" ><\/a>\n<h3 class=\"pt-cv-title\"><span class=\"ez-toc-section\" id=\"Was_ist_und_was_will_BoKlima\"><\/span><a href=\"https:\/\/boklima.de\/?p=4083\" class=\"_self\" target=\"_self\" >Was ist und was will BoKlima?<\/a><span class=\"ez-toc-section-end\"><\/span><\/h3>\n<div class=\"pt-cv-content\">Das Bochumer Klimaschutzb\u00fcndnis ist ein seit September 2019 bestehender Zusammenschluss verschiedener Vereine, Initiativen und Einzelpersonen, die sich bereits dem Klimaschutz in unserer Stadt widmen oder in Zukunft widmen m\u00f6chten. Dieser Zusammenschluss soll die Arbeit aller B\u00fcndnispartner*innen voranbringen und erleichtern - sowohl durch gemeinsame neue Aktionen als auch durch bereits bestehende Aktivit\u00e4ten in den Gruppen. Allen Unterst\u00fctzer*innen ist es v\u00f6llig freigestellt, was sie wie bisher im Rahmen der Arbeit in ihren Herkunftsgruppen, und was sie auf der Plattform des Klimaschutzb\u00fcndnisses einbringen ...<br \/><div class=\"pt-cv-rmwrap\"><a href=\"https:\/\/boklima.de\/?p=4083\" class=\"_self pt-cv-readmore btn btn-success\" target=\"_self\">Weiterlesen \u2026<\/a><\/div><\/div><\/div><\/div>\n<div class=\"col-md-6 col-sm-6 col-xs-12 pt-cv-content-item pt-cv-1-col\" ><div class='pt-cv-ifield'><a href=\"https:\/\/boklima.de\/?p=4081\" class=\"_self pt-cv-href-thumbnail pt-cv-thumb-default\" target=\"_self\" ><\/a>\n<h3 class=\"pt-cv-title\"><span class=\"ez-toc-section\" id=\"Wie_Alles_begann\"><\/span><a href=\"https:\/\/boklima.de\/?p=4081\" class=\"_self\" target=\"_self\" >Wie Alles begann:<\/a><span class=\"ez-toc-section-end\"><\/span><\/h3>\n<div class=\"pt-cv-content\">Mit dem Jahr 1896 \u2013 ja richtig, achtzehnhundertsechundneunzig \u2013 und mit dem naturwissenschaftlich eindeutigen Beweis, dass CO2 ein Treibhausgas ist verbunden mit der Vorhersage, dass durch die Verbrennung von Kohle, Erd\u00f6l und Erdgas die Temperatur der Erdatmosph\u00e4re ansteigen wird www.rsc.org \u203a Arrhenius1896_tcm18-173546Das Bochumer Klimaschutzb\u00fcndnis wurde auf Initiative des Arbeitskreises Umweltschutz Bochum (AkU) am 04.09 2019 gegr\u00fcndet. In ihm sind mehrere Bochumer Umweltgruppen zusammengeschlossen. So soll den Forderungen nach mehr und effektivem Klimaschutz an die Bochumer Politik und Verwaltung mehr Nachdruck ...<br \/><div class=\"pt-cv-rmwrap\"><a href=\"https:\/\/boklima.de\/?p=4081\" class=\"_self pt-cv-readmore btn btn-success\" target=\"_self\">Weiterlesen \u2026<\/a><\/div><\/div><\/div><\/div><\/div><\/div><\/div>\n\n\n\n<hr class=\"wp-block-separator\"\/>\n<div id=\"ez-toc-container\" class=\"ez-toc-v2_0_81 counter-hierarchy ez-toc-counter ez-toc-transparent ez-toc-container-direction\">\n<div class=\"ez-toc-title-container\">\n<p class=\"ez-toc-title\" style=\"cursor:inherit\">Inhalte dieser Seite :<\/p>\n<span class=\"ez-toc-title-toggle\"><a href=\"#\" class=\"ez-toc-pull-right ez-toc-btn ez-toc-btn-xs ez-toc-btn-default ez-toc-toggle\" aria-label=\"Toggle Table of Content\"><span class=\"ez-toc-js-icon-con\"><span class=\"\"><span class=\"eztoc-hide\" style=\"display:none;\">Toggle<\/span><span class=\"ez-toc-icon-toggle-span\"><svg style=\"fill: #999;color:#999\" xmlns=\"http:\/\/www.w3.org\/2000\/svg\" class=\"list-377408\" width=\"20px\" height=\"20px\" viewBox=\"0 0 24 24\" fill=\"none\"><path d=\"M6 6H4v2h2V6zm14 0H8v2h12V6zM4 11h2v2H4v-2zm16 0H8v2h12v-2zM4 16h2v2H4v-2zm16 0H8v2h12v-2z\" fill=\"currentColor\"><\/path><\/svg><svg style=\"fill: #999;color:#999\" class=\"arrow-unsorted-368013\" xmlns=\"http:\/\/www.w3.org\/2000\/svg\" width=\"10px\" height=\"10px\" viewBox=\"0 0 24 24\" version=\"1.2\" baseProfile=\"tiny\"><path d=\"M18.2 9.3l-6.2-6.3-6.2 6.3c-.2.2-.3.4-.3.7s.1.5.3.7c.2.2.4.3.7.3h11c.3 0 .5-.1.7-.3.2-.2.3-.5.3-.7s-.1-.5-.3-.7zM5.8 14.7l6.2 6.3 6.2-6.3c.2-.2.3-.5.3-.7s-.1-.5-.3-.7c-.2-.2-.4-.3-.7-.3h-11c-.3 0-.5.1-.7.3-.2.2-.3.5-.3.7s.1.5.3.7z\"\/><\/svg><\/span><\/span><\/span><\/a><\/span><\/div>\n<nav><ul class='ez-toc-list ez-toc-list-level-1 eztoc-toggle-hide-by-default' ><li class='ez-toc-page-1 ez-toc-heading-level-3'><a class=\"ez-toc-link ez-toc-heading-1\" href=\"https:\/\/boklima.de\/?page_id=4400\/#Was_ist_und_was_will_BoKlima\" >Was ist und was will BoKlima?<\/a><\/li><li class='ez-toc-page-1 ez-toc-heading-level-3'><a class=\"ez-toc-link ez-toc-heading-2\" href=\"https:\/\/boklima.de\/?page_id=4400\/#Wie_Alles_begann\" >Wie Alles begann:<\/a><\/li><\/ul><\/nav><\/div>\n","protected":false},"excerpt":{"rendered":"","protected":false},"author":8,"featured_media":0,"parent":3005,"menu_order":0,"comment_status":"closed","ping_status":"closed","template":"","meta":{"ngg_post_thumbnail":0,"_mc_calendar":[],"footnotes":""},"class_list":["post-4400","page","type-page","status-publish","hentry"],"rttpg_featured_image_url":null,"rttpg_author":{"display_name":"thomas","author_link":"https:\/\/boklima.de\/?author=8"},"rttpg_comment":0,"rttpg_category":null,"rttpg_excerpt":null,"_links":{"self":[{"href":"https:\/\/boklima.de\/index.php?rest_route=\/wp\/v2\/pages\/4400","targetHints":{"allow":["GET"]}}],"collection":[{"href":"https:\/\/boklima.de\/index.php?rest_route=\/wp\/v2\/pages"}],"about":[{"href":"https:\/\/boklima.de\/index.php?rest_route=\/wp\/v2\/types\/page"}],"author":[{"embeddable":true,"href":"https:\/\/boklima.de\/index.php?rest_route=\/wp\/v2\/users\/8"}],"replies":[{"embeddable":true,"href":"https:\/\/boklima.de\/index.php?rest_route=%2Fwp%2Fv2%2Fcomments&post=4400"}],"version-history":[{"count":3,"href":"https:\/\/boklima.de\/index.php?rest_route=\/wp\/v2\/pages\/4400\/revisions"}],"predecessor-version":[{"id":4406,"href":"https:\/\/boklima.de\/index.php?rest_route=\/wp\/v2\/pages\/4400\/revisions\/4406"}],"up":[{"embeddable":true,"href":"https:\/\/boklima.de\/index.php?rest_route=\/wp\/v2\/pages\/3005"}],"wp:attachment":[{"href":"https:\/\/boklima.de\/index.php?rest_route=%2Fwp%2Fv2%2Fmedia&parent=4400"}],"curies":[{"name":"wp","href":"https:\/\/api.w.org\/{rel}","templated":true}]}}