{"id":2076,"date":"2019-09-13T11:38:01","date_gmt":"2019-09-13T09:38:01","guid":{"rendered":"http:\/\/stadtentwicklung-intern.net\/?page_id=2076"},"modified":"2025-04-18T01:18:23","modified_gmt":"2025-04-17T23:18:23","slug":"spenden","status":"publish","type":"page","link":"https:\/\/boklima.de\/?page_id=2076","title":{"rendered":"Spenden"},"content":{"rendered":"\n<p>F\u00fcr die Website, Printmedien, Fahrtkosten , PV-Demonstrations-Materialien u.\u00e4. fallen Kosten an, die z.Zt. von einigen BoKlima-Mitgliedern privat finanziert werden.<\/p>\n\n\n\n<p>Es w\u00e4re sch\u00f6n, wenn Ihr \/ Sie unsere Arbeit durch eine Spende unterst\u00fctzen w\u00fcrden.<\/p>\n\n\n\n<p><strong><u>Spendenkonto:<\/u> <\/strong><br>Ak Umweltschutz Bochum e.V.<br>Stichwort: BoKlima  bzw. BoKlima-PV-Unterstuetzung<br>Sparkasse Bochum<br>IBAN: DE87 4305 0001 0037 3025 93<br>BIC: WELADED1BOC<\/p>\n\n\n\n<p>Die Spende kann von der Steuer abgesetzt werden. Bis zu einer Spende von 300 \u20ac reicht dem Finanzamt Ihr Kontoauszug. Bei gr\u00f6\u00dferen Spenden erhalten Sie eine entsprechende Spendenbescheinigung.<\/p>\n\n\n\n<p class=\"has-text-align-right\"><em>BoKlima bedankt sich herzlich f\u00fcr Ihre Unterst\u00fctzung!<\/em><\/p>\n\n\n\n<p><\/p>\n","protected":false},"excerpt":{"rendered":"<p>F\u00fcr die Website, Printmedien, Fahrtkosten , PV-Demonstrations-Materialien u.\u00e4. fallen Kosten an, die z.Zt. von einigen BoKlima-Mitgliedern privat finanziert werden. Es w\u00e4re sch\u00f6n, wenn Ihr \/ Sie unsere Arbeit durch eine Spende unterst\u00fctzen w\u00fcrden. Spendenkonto: Ak Umweltschutz Bochum e.V.Stichwort: BoKlima bzw. BoKlima-PV-UnterstuetzungSparkasse BochumIBAN: DE87 4305 0001 0037 3025 93BIC: WELADED1BOC Die Spende kann von der Steuer &hellip; <a href=\"https:\/\/boklima.de\/?page_id=2076\" class=\"more-link\"><span class=\"screen-reader-text\">\u201eSpenden\u201c <\/span>weiterlesen<\/a><\/p>\n","protected":false},"author":2,"featured_media":0,"parent":3005,"menu_order":7,"comment_status":"closed","ping_status":"closed","template":"","meta":{"ngg_post_thumbnail":0,"_mc_calendar":[],"footnotes":""},"class_list":["post-2076","page","type-page","status-publish","hentry"],"rttpg_featured_image_url":null,"rttpg_author":{"display_name":"thomas - als admin","author_link":"https:\/\/boklima.de\/?author=2"},"rttpg_comment":0,"rttpg_category":null,"rttpg_excerpt":"F\u00fcr die Website, Printmedien, Fahrtkosten , PV-Demonstrations-Materialien u.\u00e4. fallen Kosten an, die z.Zt. von einigen BoKlima-Mitgliedern privat finanziert werden. Es w\u00e4re sch\u00f6n, wenn Ihr \/ Sie unsere Arbeit durch eine Spende unterst\u00fctzen w\u00fcrden. Spendenkonto: Ak Umweltschutz Bochum e.V.Stichwort: BoKlima bzw. BoKlima-PV-UnterstuetzungSparkasse BochumIBAN: DE87 4305 0001 0037 3025 93BIC: WELADED1BOC Die Spende kann von der Steuer&hellip;","_links":{"self":[{"href":"https:\/\/boklima.de\/index.php?rest_route=\/wp\/v2\/pages\/2076","targetHints":{"allow":["GET"]}}],"collection":[{"href":"https:\/\/boklima.de\/index.php?rest_route=\/wp\/v2\/pages"}],"about":[{"href":"https:\/\/boklima.de\/index.php?rest_route=\/wp\/v2\/types\/page"}],"author":[{"embeddable":true,"href":"https:\/\/boklima.de\/index.php?rest_route=\/wp\/v2\/users\/2"}],"replies":[{"embeddable":true,"href":"https:\/\/boklima.de\/index.php?rest_route=%2Fwp%2Fv2%2Fcomments&post=2076"}],"version-history":[{"count":9,"href":"https:\/\/boklima.de\/index.php?rest_route=\/wp\/v2\/pages\/2076\/revisions"}],"predecessor-version":[{"id":14962,"href":"https:\/\/boklima.de\/index.php?rest_route=\/wp\/v2\/pages\/2076\/revisions\/14962"}],"up":[{"embeddable":true,"href":"https:\/\/boklima.de\/index.php?rest_route=\/wp\/v2\/pages\/3005"}],"wp:attachment":[{"href":"https:\/\/boklima.de\/index.php?rest_route=%2Fwp%2Fv2%2Fmedia&parent=2076"}],"curies":[{"name":"wp","href":"https:\/\/api.w.org\/{rel}","templated":true}]}}