{"id":1477,"date":"2019-07-17T23:49:54","date_gmt":"2019-07-17T21:49:54","guid":{"rendered":"http:\/\/stadtentwicklung-intern.net\/?page_id=1477"},"modified":"2020-01-27T12:23:30","modified_gmt":"2020-01-27T11:23:30","slug":"mach-mit","status":"publish","type":"page","link":"https:\/\/boklima.de\/?page_id=1477","title":{"rendered":"Mach mit  bei BoKlima !"},"content":{"rendered":"\n<p>Um mit uns dem <strong><em>Bochumer Klimaschutz-B\u00fcndnis<\/em><\/strong> in Verbindung zu treten f\u00fclle dieses E-Mail-Kontakt-Formular aus und wir werden uns m\u00f6glichst umgehend melden.<\/p>\n\n\n\n<h2 class=\"wp-block-heading\">Kontakt<\/h2>\n\n\n\n<div class=\"wpcf7 no-js\" id=\"wpcf7-f1476-o1\" lang=\"de-DE\" dir=\"ltr\" data-wpcf7-id=\"1476\">\n<div class=\"screen-reader-response\"><p role=\"status\" aria-live=\"polite\" aria-atomic=\"true\"><\/p> <ul><\/ul><\/div>\n<form action=\"\/index.php?rest_route=%2Fwp%2Fv2%2Fpages%2F1477#wpcf7-f1476-o1\" method=\"post\" class=\"wpcf7-form init\" aria-label=\"Kontaktformular\" novalidate=\"novalidate\" data-status=\"init\">\n<fieldset class=\"hidden-fields-container\"><input type=\"hidden\" name=\"_wpcf7\" value=\"1476\" \/><input type=\"hidden\" name=\"_wpcf7_version\" value=\"6.1.5\" \/><input type=\"hidden\" name=\"_wpcf7_locale\" value=\"de_DE\" \/><input type=\"hidden\" name=\"_wpcf7_unit_tag\" value=\"wpcf7-f1476-o1\" \/><input type=\"hidden\" name=\"_wpcf7_container_post\" value=\"0\" \/><input type=\"hidden\" name=\"_wpcf7_posted_data_hash\" value=\"\" \/>\n<\/fieldset>\n<p><label> Vorname (Pflichtfeld):<br \/>\n<span class=\"wpcf7-form-control-wrap\" data-name=\"Vorname\"><input size=\"40\" maxlength=\"400\" class=\"wpcf7-form-control wpcf7-text wpcf7-validates-as-required\" aria-required=\"true\" aria-invalid=\"false\" value=\"\" type=\"text\" name=\"Vorname\" \/><\/span> <\/label>\n<\/p>\n<p><label> Nachname :<br \/>\n<span class=\"wpcf7-form-control-wrap\" data-name=\"Nachname\"><input size=\"40\" maxlength=\"400\" class=\"wpcf7-form-control wpcf7-text\" aria-invalid=\"false\" value=\"\" type=\"text\" name=\"Nachname\" \/><\/span> <\/label>\n<\/p>\n<p><label> Deine E-Mail-Adresse (Pflichtfeld):<br \/>\n<span class=\"wpcf7-form-control-wrap\" data-name=\"your-email\"><input size=\"40\" maxlength=\"400\" class=\"wpcf7-form-control wpcf7-email wpcf7-validates-as-required wpcf7-text wpcf7-validates-as-email\" aria-required=\"true\" aria-invalid=\"false\" value=\"\" type=\"email\" name=\"your-email\" \/><\/span> <\/label>\n<\/p>\n<p><label> Telefon:<br \/>\n<span class=\"wpcf7-form-control-wrap\" data-name=\"Telefon\"><input size=\"40\" maxlength=\"400\" class=\"wpcf7-form-control wpcf7-text\" aria-invalid=\"false\" value=\"\" type=\"text\" name=\"Telefon\" \/><\/span> <\/label>\n<\/p>\n<p><label> Betreff:<br \/>\n<span class=\"wpcf7-form-control-wrap\" data-name=\"Subject\"><input size=\"40\" maxlength=\"400\" class=\"wpcf7-form-control wpcf7-text\" aria-invalid=\"false\" value=\"\" type=\"text\" name=\"Subject\" \/><\/span> <\/label><br \/>\n<label> Nachricht:<br \/>\n<span class=\"wpcf7-form-control-wrap\" data-name=\"your-message\"><textarea cols=\"40\" rows=\"10\" maxlength=\"2000\" class=\"wpcf7-form-control wpcf7-textarea\" aria-invalid=\"false\" name=\"your-message\"><\/textarea><\/span> <\/label>\n<\/p>\n<p><label><br \/>\n<span class=\"wpcf7-form-control-wrap\" data-name=\"acceptance-605\"><span class=\"wpcf7-form-control wpcf7-acceptance\"><span class=\"wpcf7-list-item\"><label><input type=\"checkbox\" name=\"acceptance-605\" value=\"1\" id=\"20\" aria-invalid=\"false\" \/><span class=\"wpcf7-list-item-label\">Ich erkl\u00e4re mich mit der Verarbeitung der eingegebenen Daten sowie der <a href=\"https:\/\/boklima.de\/?page_id=146\" target=\"_blank\">Datenschutzerkl\u00e4rung<\/a> einverstanden (Pflichtfeld)<\/span><\/label><\/span><\/span><\/span><br \/>\n<\/label>\n<\/p>\n<p><input class=\"wpcf7-form-control wpcf7-submit has-spinner\" type=\"submit\" value=\"Senden\" \/>\n<\/p><div class=\"wpcf7-response-output\" aria-hidden=\"true\"><\/div>\n<\/form>\n<\/div>\n\n","protected":false},"excerpt":{"rendered":"<p>Um mit uns dem Bochumer Klimaschutz-B\u00fcndnis in Verbindung zu treten f\u00fclle dieses E-Mail-Kontakt-Formular aus und wir werden uns m\u00f6glichst umgehend melden. Kontakt<\/p>\n","protected":false},"author":2,"featured_media":0,"parent":3005,"menu_order":6,"comment_status":"closed","ping_status":"closed","template":"","meta":{"ngg_post_thumbnail":0,"_mc_calendar":[],"footnotes":""},"class_list":["post-1477","page","type-page","status-publish","hentry"],"rttpg_featured_image_url":null,"rttpg_author":{"display_name":"thomas - als admin","author_link":"https:\/\/boklima.de\/?author=2"},"rttpg_comment":0,"rttpg_category":null,"rttpg_excerpt":"Um mit uns dem Bochumer Klimaschutz-B\u00fcndnis in Verbindung zu treten f\u00fclle dieses E-Mail-Kontakt-Formular aus und wir werden uns m\u00f6glichst umgehend melden. Kontakt","_links":{"self":[{"href":"https:\/\/boklima.de\/index.php?rest_route=\/wp\/v2\/pages\/1477","targetHints":{"allow":["GET"]}}],"collection":[{"href":"https:\/\/boklima.de\/index.php?rest_route=\/wp\/v2\/pages"}],"about":[{"href":"https:\/\/boklima.de\/index.php?rest_route=\/wp\/v2\/types\/page"}],"author":[{"embeddable":true,"href":"https:\/\/boklima.de\/index.php?rest_route=\/wp\/v2\/users\/2"}],"replies":[{"embeddable":true,"href":"https:\/\/boklima.de\/index.php?rest_route=%2Fwp%2Fv2%2Fcomments&post=1477"}],"version-history":[{"count":4,"href":"https:\/\/boklima.de\/index.php?rest_route=\/wp\/v2\/pages\/1477\/revisions"}],"predecessor-version":[{"id":3050,"href":"https:\/\/boklima.de\/index.php?rest_route=\/wp\/v2\/pages\/1477\/revisions\/3050"}],"up":[{"embeddable":true,"href":"https:\/\/boklima.de\/index.php?rest_route=\/wp\/v2\/pages\/3005"}],"wp:attachment":[{"href":"https:\/\/boklima.de\/index.php?rest_route=%2Fwp%2Fv2%2Fmedia&parent=1477"}],"curies":[{"name":"wp","href":"https:\/\/api.w.org\/{rel}","templated":true}]}}