{"id":13,"date":"2019-04-13T00:02:50","date_gmt":"2019-04-13T00:02:50","guid":{"rendered":"http:\/\/stadtentwicklung-intern.net\/?page_id=13"},"modified":"2022-10-15T19:23:48","modified_gmt":"2022-10-15T17:23:48","slug":"register","status":"publish","type":"page","link":"https:\/\/boklima.de\/?page_id=13","title":{"rendered":"Registrieren"},"content":{"rendered":"\n<p>Wg. missbr\u00e4uchlicher Nutzung Zur Zeit keine Registrierung \u00fcber das Formular &#8212; <br>Bitte Login- W\u00fcnsche via EM-Formular &#8216;Mach-Mit&#8217; s. <a href=\"https:\/\/boklima.de\">Startseite<\/a>  <\/p>\n\n\n\n<hr class=\"wp-block-separator has-alpha-channel-opacity\"\/>\n\n\n\n<hr class=\"wp-block-separator has-alpha-channel-opacity\"\/>\n\n\n\n<p><strong>HINWEIS<\/strong> : <\/p>\n\n\n\n<ul class=\"wp-block-list\"><li>verpflichtende Angaben sind : Username , E-Mail-Adresse , Vorname  , Passwort (mit Best\u00e4tigung) :<ul><li><em>Username<\/em> : Wunschname innerhalb der Site (Buchstaben  , Ziffern , &#8216;-&#8216;  ,  &#8216;_&#8217;), mindestens 3 , h\u00f6chstens 10 ,<\/li><li><em>E-Mail-Adresse<\/em> : eine existierende und dem netzwerk bekannte E-Mail-Adresse,<\/li><li><em>Vorname<\/em> : Dein den Mitarbeitern \/ Mitgliedern bekannter Vorname ,<\/li><li><em>Passwort<\/em> : Es  muss aus klein- u Gro\u00df-Buchstaben sowie Ziffern und Sonderzeichen ( . &#8211; # $ + ) bestehen <\/li><\/ul><\/li><li>Alle anderen Angaben sind freiwillig und dienen lediglich der Kommunikation innerhalb der Gruppe \/  des &#8216;Netzwerks B\u00fcrgerbeteiligung&#8217; <\/li><\/ul>\n\n\n\n<p>Bitte folgende Felder ausf\u00fcllen : <\/p>\n\n\n\n<hr class=\"wp-block-separator has-css-opacity\"\/>\n\n\n\n<hr class=\"wp-block-separator has-css-opacity\"\/>\n\n\n\n<h2 class=\"wp-block-heading\"><span class=\"ez-toc-section\" id=\"Nutzungsbedingungen\"><\/span>Nutzungsbedingungen<span class=\"ez-toc-section-end\"><\/span><\/h2>\n\n\n\n<h3 class=\"wp-block-heading\"><span class=\"ez-toc-section\" id=\"Verpflichtung_auf_den_Datenschutz\"><\/span>Verpflichtung auf den Datenschutz<span class=\"ez-toc-section-end\"><\/span><\/h3>\n\n\n\n<p>Mit der Nutzung dieser nur f\u00fcr registrierte Mitglieder des <em>Netzwerk f\u00fcr b\u00fcrgernahe Stadtentwicklung<\/em> bestimmten Internetseite stimmt der Nutzer den folgenden Nutzungsbedingungen  zu:<\/p>\n\n\n\n<ul class=\"wp-block-list\"><li>Personenbezogene Daten der Nutzer dieser Seite d\u00fcrfen <strong>nicht<\/strong> an Dritte weiter gegeben werden. (Ausnahme: der betroffene Nutzer stimmt der Weitergabe ausdr\u00fccklich und nachweislich zu.)<\/li><li>Alle Inhalte dieser Seite, die erst nach Registrierung eines neuen Mitglieds oder nach Anmeldung eines bereits registrierten Mitglieds einsehbar sind, sind vertraulich zu behandeln und d\u00fcrfen <strong>nicht<\/strong> an Dritte weiter gegeben werden.<\/li><li>Benutzernamen und Passw\u00f6rter sind vor dem Zugriff Dritter zu sch\u00fctzen.<\/li><\/ul>\n\n\n\n<p>Stand: 02.01.2020<\/p>\n\n\n\n<hr class=\"wp-block-separator has-css-opacity\"\/>\n\n\n\n<p>Zur\u00fcck zur <a href=\"https:\/\/boklima.de\/\">Start-Seite<\/a><\/p>\n<div id=\"ez-toc-container\" class=\"ez-toc-v2_0_82_2 counter-hierarchy ez-toc-counter ez-toc-transparent ez-toc-container-direction\">\n<div class=\"ez-toc-title-container\">\n<p class=\"ez-toc-title\" style=\"cursor:inherit\">Inhalte dieser Seite :<\/p>\n<span class=\"ez-toc-title-toggle\"><a href=\"#\" class=\"ez-toc-pull-right ez-toc-btn ez-toc-btn-xs ez-toc-btn-default ez-toc-toggle\" aria-label=\"Toggle Table of Content\"><span class=\"ez-toc-js-icon-con\"><span class=\"\"><span class=\"eztoc-hide\" style=\"display:none;\">Toggle<\/span><span class=\"ez-toc-icon-toggle-span\"><svg style=\"fill: #999;color:#999\" xmlns=\"http:\/\/www.w3.org\/2000\/svg\" class=\"list-377408\" width=\"20px\" height=\"20px\" viewBox=\"0 0 24 24\" fill=\"none\"><path d=\"M6 6H4v2h2V6zm14 0H8v2h12V6zM4 11h2v2H4v-2zm16 0H8v2h12v-2zM4 16h2v2H4v-2zm16 0H8v2h12v-2z\" fill=\"currentColor\"><\/path><\/svg><svg style=\"fill: #999;color:#999\" class=\"arrow-unsorted-368013\" xmlns=\"http:\/\/www.w3.org\/2000\/svg\" width=\"10px\" height=\"10px\" viewBox=\"0 0 24 24\" version=\"1.2\" baseProfile=\"tiny\"><path d=\"M18.2 9.3l-6.2-6.3-6.2 6.3c-.2.2-.3.4-.3.7s.1.5.3.7c.2.2.4.3.7.3h11c.3 0 .5-.1.7-.3.2-.2.3-.5.3-.7s-.1-.5-.3-.7zM5.8 14.7l6.2 6.3 6.2-6.3c.2-.2.3-.5.3-.7s-.1-.5-.3-.7c-.2-.2-.4-.3-.7-.3h-11c-.3 0-.5.1-.7.3-.2.2-.3.5-.3.7s.1.5.3.7z\"\/><\/svg><\/span><\/span><\/span><\/a><\/span><\/div>\n<nav><ul class='ez-toc-list ez-toc-list-level-1 eztoc-toggle-hide-by-default' ><li class='ez-toc-page-1 ez-toc-heading-level-2'><a class=\"ez-toc-link ez-toc-heading-1\" href=\"https:\/\/boklima.de\/?page_id=13\/#Nutzungsbedingungen\" >Nutzungsbedingungen<\/a><ul class='ez-toc-list-level-3' ><li class='ez-toc-heading-level-3'><a class=\"ez-toc-link ez-toc-heading-2\" href=\"https:\/\/boklima.de\/?page_id=13\/#Verpflichtung_auf_den_Datenschutz\" >Verpflichtung auf den Datenschutz<\/a><\/li><\/ul><\/li><\/ul><\/nav><\/div>\n","protected":false},"excerpt":{"rendered":"<p>Wg. missbr\u00e4uchlicher Nutzung Zur Zeit keine Registrierung \u00fcber das Formular &#8212; Bitte Login- W\u00fcnsche via EM-Formular &#8216;Mach-Mit&#8217; s. Startseite HINWEIS : verpflichtende Angaben sind : Username , E-Mail-Adresse , Vorname , Passwort (mit Best\u00e4tigung) : Username : Wunschname innerhalb der Site (Buchstaben , Ziffern , &#8216;-&#8216; , &#8216;_&#8217;), mindestens 3 , h\u00f6chstens 10 , E-Mail-Adresse &hellip; <a href=\"https:\/\/boklima.de\/?page_id=13\" class=\"more-link\"><span class=\"screen-reader-text\">\u201eRegistrieren\u201c <\/span>weiterlesen<\/a><\/p>\n","protected":false},"author":2,"featured_media":0,"parent":11,"menu_order":0,"comment_status":"closed","ping_status":"closed","template":"","meta":{"ngg_post_thumbnail":0,"_mc_calendar":[],"footnotes":""},"class_list":["post-13","page","type-page","status-publish","hentry"],"rttpg_featured_image_url":null,"rttpg_author":{"display_name":"thomas - als admin","author_link":"https:\/\/boklima.de\/?author=2"},"rttpg_comment":0,"rttpg_category":null,"rttpg_excerpt":"Wg. missbr\u00e4uchlicher Nutzung Zur Zeit keine Registrierung \u00fcber das Formular &#8212; Bitte Login- W\u00fcnsche via EM-Formular &#8216;Mach-Mit&#8217; s. Startseite HINWEIS : verpflichtende Angaben sind : Username , E-Mail-Adresse , Vorname , Passwort (mit Best\u00e4tigung) : Username : Wunschname innerhalb der Site (Buchstaben , Ziffern , &#8216;-&#8216; , &#8216;_&#8217;), mindestens 3 , h\u00f6chstens 10 , E-Mail-Adresse&hellip;","_links":{"self":[{"href":"https:\/\/boklima.de\/index.php?rest_route=\/wp\/v2\/pages\/13","targetHints":{"allow":["GET"]}}],"collection":[{"href":"https:\/\/boklima.de\/index.php?rest_route=\/wp\/v2\/pages"}],"about":[{"href":"https:\/\/boklima.de\/index.php?rest_route=\/wp\/v2\/types\/page"}],"author":[{"embeddable":true,"href":"https:\/\/boklima.de\/index.php?rest_route=\/wp\/v2\/users\/2"}],"replies":[{"embeddable":true,"href":"https:\/\/boklima.de\/index.php?rest_route=%2Fwp%2Fv2%2Fcomments&post=13"}],"version-history":[{"count":9,"href":"https:\/\/boklima.de\/index.php?rest_route=\/wp\/v2\/pages\/13\/revisions"}],"predecessor-version":[{"id":12515,"href":"https:\/\/boklima.de\/index.php?rest_route=\/wp\/v2\/pages\/13\/revisions\/12515"}],"up":[{"embeddable":true,"href":"https:\/\/boklima.de\/index.php?rest_route=\/wp\/v2\/pages\/11"}],"wp:attachment":[{"href":"https:\/\/boklima.de\/index.php?rest_route=%2Fwp%2Fv2%2Fmedia&parent=13"}],"curies":[{"name":"wp","href":"https:\/\/api.w.org\/{rel}","templated":true}]}}