{"id":11467,"date":"2022-04-28T09:08:00","date_gmt":"2022-04-28T07:08:00","guid":{"rendered":"https:\/\/boklima.de\/?page_id=11467"},"modified":"2022-04-29T12:36:03","modified_gmt":"2022-04-29T10:36:03","slug":"12-knb-05-04-22-fragen-zum-weiteren-prozess-an-der-neustr","status":"publish","type":"page","link":"https:\/\/boklima.de\/?page_id=11467","title":{"rendered":"12. KNB (05.04.22) Fragen zum weiteren Prozess \/ Verkauf  an der &#8216;Neustr.&#8217;"},"content":{"rendered":"\n<hr class=\"wp-block-separator\"\/>\n\n\n\n<h2 class=\"wp-block-heading\"><span class=\"ez-toc-section\" id=\"Aktuelles\"><\/span>Aktuelles<span class=\"ez-toc-section-end\"><\/span><\/h2>\n\n\n\n<h3 class=\"wp-block-heading\"><span class=\"ez-toc-section\" id=\"250422_Nachtrag-1_von_BoKlima_zum_12KNB\"><\/span>25.04.22, Nachtrag-1 von BoKlima  zum 12.KNB :<span class=\"ez-toc-section-end\"><\/span><\/h3>\n\n\n\n<div class=\"wp-block-algori-pdf-viewer-block-algori-pdf-viewer\"><iframe class=\"wp-block-algori-pdf-viewer-block-algori-pdf-viewer-iframe\" src=\"https:\/\/boklima.de\/wp-content\/plugins\/algori-pdf-viewer\/dist\/web\/viewer.html?file=https%3A%2F%2Fboklima.de%2Fwp-content%2Fuploads%2F2022%2F04%2F220425-12-knb-neustrasse-offenerbrief-nachtrag-1.pdf\" style=\"width:600px;height:820px\"><\/iframe><\/div>\n\n\n\n<h3 class=\"wp-block-heading\"><span class=\"ez-toc-section\" id=\"090422_Antwort_GRUeNE\"><\/span>09.04.22 , Antwort GR\u00dcNE <span class=\"ez-toc-section-end\"><\/span><\/h3>\n\n\n\n<p>Hallo ,<br>was daran unverantwortlich sein soll, wenn wir f\u00fcr die Pl\u00e4ne einer Bebauung sind die viel Freifl\u00e4che und B\u00e4ume erh\u00e4lt musst du mal genauer erkl\u00e4ren. Das war exakt deine Forderung.<br>Demn\u00e4chst solltest du vielleicht erstmal Infos sammeln, bevor du Unsinn in die Welt setzt.&nbsp;<\/p>\n\n\n\n<h3 class=\"wp-block-heading\"><span class=\"ez-toc-section\" id=\"090422_Leserbrief\"><\/span>09.04.22, Leserbrief <span class=\"ez-toc-section-end\"><\/span><\/h3>\n\n\n\n<p>zu: Pl\u00e4ne f\u00fcr Filet-Grundst\u00fcck stehen<br><strong>Unverantwortlich<\/strong><br><br>Die Fraktion der Gr\u00fcnen ist also damit zufrieden, das durch die wegfallende K\u00fchlung der B\u00e4ume die Gesundheit der Anwohner durch den zuk\u00fcnftig zunehmenden Hitzestress gef\u00e4hrdet wird. Herr Pewny kennt doch die Folgen der Klimakatastrophe, wie er in einem Vortrag bewiesen hat. Sein Handeln ist den B\u00fcrgerinnen und B\u00fcrgern gegen\u00fcber unverantwortlich.<br>Arbeitskreis Umweltschutz Bochum<\/p>\n\n\n\n<hr class=\"wp-block-separator\"\/>\n\n\n\n<h3 class=\"wp-block-heading\"><span class=\"ez-toc-section\" id=\"090422_WAZ\"><\/span>09.04.22, WAZ <span class=\"ez-toc-section-end\"><\/span><\/h3>\n\n\n\n<figure class=\"wp-block-image size-large is-resized\"><a href=\"https:\/\/boklima.de\/wp-content\/uploads\/2022\/04\/image-3.png\"><img loading=\"lazy\" decoding=\"async\" src=\"https:\/\/boklima.de\/wp-content\/uploads\/2022\/04\/image-3-1024x917.png\" alt=\"\" class=\"wp-image-11550\" width=\"256\" height=\"229\" srcset=\"https:\/\/boklima.de\/wp-content\/uploads\/2022\/04\/image-3-1024x917.png 1024w, https:\/\/boklima.de\/wp-content\/uploads\/2022\/04\/image-3-300x269.png 300w, https:\/\/boklima.de\/wp-content\/uploads\/2022\/04\/image-3-768x688.png 768w, https:\/\/boklima.de\/wp-content\/uploads\/2022\/04\/image-3-1200x1074.png 1200w, https:\/\/boklima.de\/wp-content\/uploads\/2022\/04\/image-3.png 1415w\" sizes=\"auto, (max-width: 256px) 85vw, 256px\" \/><\/a><\/figure>\n\n\n\n<h3 class=\"wp-block-heading\"><span class=\"ez-toc-section\" id=\"080422_WAZ_Plaene_fuer_Filet-Grundstueck_stehen_%E2%80%A6\"><\/span>08.04.22, WAZ , Pl\u00e4ne f\u00fcr Filet-Grundst\u00fcck stehen &#8230;<span class=\"ez-toc-section-end\"><\/span><\/h3>\n\n\n\n<p>Ein Filet-Grundst\u00fcck neben dem Bermudadreieck in Bochum liegt brach. Einige Entwicklungsprojekte sind gescheitert. Nun gibt es wohl eine L\u00f6sung.<\/p>\n\n\n\n<p>Das jahrelange Tauziehen um die Entwicklung einer Premiumfl\u00e4che in der Innenstadt ist offenbar beendet. Nach Informationen dieser Redaktion wollen sich im Dreieck Kreuzstra\u00dfe\/Neustra\u00dfe\/Br\u00fcderstra\u00dfe direkt neben dem Bermudadreieck drei Unternehmen aus Bochum ansiedeln.<\/p>\n\n\n\n<p>IT-Firmen und Bioschokoladenhersteller haben gro\u00dfes Interesse<\/p>\n\n\n\n<p>Demnach planen die beiden aufstrebenden IT-Unternehmen <a rel=\"noreferrer noopener\" href=\"https:\/\/www.waz.de\/staedte\/bochum\/noch-ein-konzept-fuer-begehrtes-innenstadt-areal-in-bochum-id231414647.html\" target=\"_blank\">Salesviewer<\/a> und <a rel=\"noreferrer noopener\" href=\"https:\/\/www.waz.de\/staedte\/bochum\/bochumer-softwarefirma-organisiert-konferenz-in-kalifornien-id227215177.html\" target=\"_blank\">9Elements<\/a> einen viergeschossigen B\u00fcrokomplex an der Kreuzstra\u00dfe, wo die ehemalige Betriebsst\u00e4tte der \u201fFa. Gustav Schwager Nachf.\u201d mittlerweile abgerissen wurde. An der Neustra\u00dfe wird dem Vernehmen nach der <a rel=\"noreferrer noopener\" href=\"https:\/\/www.waz.de\/wirtschaft\/wirtschaft-in-nrw\/vegane-schokolade-bochumer-pionier-exportiert-in-50-laender-id229493284.html\" target=\"_blank\">Bioschokoladenhersteller Ecofina<\/a> seinen Verwaltungssitz nehmen. Geplant sein soll dort auch ein Manufakturbetrieb. Ecofina-Chef Andreas Meyer best\u00e4tigt das Interesse seines Unternehmens &#8230;.<\/p>\n\n\n\n<p>(Original : <a rel=\"noreferrer noopener\" href=\"https:\/\/www.waz.de\/staedte\/bochum\/plaene-fuer-filet-grundstueck-am-bermudadreieck-stehen-id235040463.html\" target=\"_blank\">hier<\/a> )  ;  <a href=\"https:\/\/boklima.de\/wp-content\/uploads\/2022\/04\/220408-waz-bochum-plaenefilet-grundstueckneustr-stehen.pdf\" target=\"_blank\" rel=\"noreferrer noopener\">&#8230;.<\/a><\/p>\n\n\n\n<hr class=\"wp-block-separator\"\/>\n\n\n\n<h2 class=\"wp-block-heading\"><span class=\"ez-toc-section\" id=\"12_KNB_KlimaNotstandsBrief_050422\"><\/span>12. KNB   [KlimaNotstandsBrief] (05.04.22)  <span class=\"ez-toc-section-end\"><\/span><\/h2>\n\n\n\n<div class=\"wp-block-algori-pdf-viewer-block-algori-pdf-viewer\"><iframe class=\"wp-block-algori-pdf-viewer-block-algori-pdf-viewer-iframe\" src=\"https:\/\/boklima.de\/wp-content\/plugins\/algori-pdf-viewer\/dist\/web\/viewer.html?file=https%3A%2F%2Fboklima.de%2Fwp-content%2Fuploads%2F2022%2F04%2F220405-12-knb-neustrasse.pdf\" style=\"width:650px;height:880px\"><\/iframe><\/div>\n\n\n\n<hr class=\"wp-block-separator\"\/>\n\n\n\n<p>Es kann einfach nicht sein das die Politik in dieser Stadt st\u00e4ndig gegen B\u00fcrgerinteressen und gegen ihre eigen Leitlinienbeschl\u00fcsse handelt und damit z. B. an der Neustra\u00dfe durch die F\u00e4llung von gro\u00dfen B\u00e4umen die Anwohner einem vermeidbaren Hitzestress aussetzt und deren Gesundheit gef\u00e4hrdet. Wir brauchen dringend mehr Gro\u00dfb\u00e4ume unterschiedlichen Alters in den Hitzeinseln unserer Stadt.<\/p>\n\n\n\n<hr class=\"wp-block-separator\"\/>\n\n\n\n<h2 class=\"wp-block-heading\"><span class=\"ez-toc-section\" id=\"Weitere_Informationen_aus_dem_RatsInformationsSystem_RIS\"><\/span>Weitere Informationen aus dem RatsInformationsSystem (RIS)<span class=\"ez-toc-section-end\"><\/span><\/h2>\n\n\n\n<p>Link : <a href=\"https:\/\/bochum.ratsinfomanagement.net\/vorgang\/?__=UGhVM0hpd2NXNFdFcExjZd7COXO_Tp-3FhP7z_CjlxQ\" target=\"_blank\" rel=\"noreferrer noopener\">hier<\/a> <\/p>\n\n\n\n<h5 class=\"wp-block-heading\">Vorgang 20220715<\/h5>\n\n\n\n<p>Diese Ansicht enth\u00e4lt Informationen zum Vorgang der Mitteilung der Verwaltung 20220715.<\/p>\n\n\n\n<figure class=\"wp-block-table is-style-stripes\"><table><tbody><tr><th scope=\"row\">Mitteilung der Verwaltung:<\/th><td>20220715<\/td><\/tr><tr><th scope=\"row\">Betreff:<\/th><td>Verkauf von Grundst\u00fccken im Bereich Kreuzstra\u00dfe \/ Neustra\u00dfe<\/td><\/tr><tr><th scope=\"row\">Federf\u00fchrung:<\/th><td>Amt f\u00fcr Geoinformation, Liegenschaften und Kataster<\/td><\/tr><tr><th scope=\"row\">Dokument:<\/th><td><a rel=\"noreferrer noopener\" href=\"https:\/\/bochum.ratsinfomanagement.net\/sdnetrim\/UGhVM0hpd2NXNFdFcExjZW-ZDlI3Vg8PcclSsgWJsxuEl9ba18i8726vppi5jOZJ\/Mitteilung_der_Verwaltung_20220715.pdf\" target=\"_blank\">Mitteilung der Verwaltung 20220715 (exportiert: 25.03.2022) (94 KB)<\/a><br><a rel=\"noreferrer noopener\" href=\"https:\/\/bochum.ratsinfomanagement.net\/sdnetrim\/UGhVM0hpd2NXNFdFcExjZQhKmmj6FJn4ZkhbASaYK-Mz07w9v4QvyhZWWrvRzRb4\/Lageplan.pdf\" target=\"_blank\">Lageplan (exportiert: 25.03.2022) (2.367 KB)<\/a><\/td><\/tr><\/tbody><\/table><\/figure>\n\n\n\n<figure id=\"table0\" class=\"wp-block-table is-style-stripes\"><table><thead><tr><th scope=\"col\">Termin<\/th><th scope=\"col\">Gremium<\/th><th scope=\"col\">Beschluss<\/th><th scope=\"col\">Abstimmung<\/th><\/tr><\/thead><tbody><tr><td><a href=\"https:\/\/bochum.ratsinfomanagement.net\/tops\/?__=UGhVM0hpd2NXNFdFcExjZWKr5ZY_a_1UnTlXPW2XsPc\" target=\"_blank\" rel=\"noreferrer noopener\">Di, 05.04.2022 15:00 Uhr<\/a><\/td><td><a href=\"https:\/\/bochum.ratsinfomanagement.net\/gremien\/?__=UGhVM0hpd2NXNFdFcExjZaoi4gsroA30ToNR0nPqEpE\" target=\"_blank\" rel=\"noreferrer noopener\">Ausschuss f\u00fcr Planung und Grundst\u00fccke<\/a><\/td><td><\/td><td><\/td><\/tr><tr><td><a href=\"https:\/\/bochum.ratsinfomanagement.net\/tops\/?__=UGhVM0hpd2NXNFdFcExjZWmk5dphJAjZiYZf1yjOQL4\" target=\"_blank\" rel=\"noreferrer noopener\">Do, 07.04.2022 15:00 Uhr<\/a><\/td><td><a href=\"https:\/\/bochum.ratsinfomanagement.net\/gremien\/?__=UGhVM0hpd2NXNFdFcExjZdkj35-7e1a-THnxQ6eDLdE\" target=\"_blank\" rel=\"noreferrer noopener\">Bezirksvertretung Bochum-Mitte<\/a><\/td><td><\/td><td><\/td><\/tr><tr><td><a href=\"https:\/\/bochum.ratsinfomanagement.net\/tops\/?__=UGhVM0hpd2NXNFdFcExjZXAWjK15WwZjlQOL9nf2pUw\" target=\"_blank\" rel=\"noreferrer noopener\">Do, 28.04.2022 15:00 Uhr<\/a><\/td><td><a href=\"https:\/\/bochum.ratsinfomanagement.net\/gremien\/?__=UGhVM0hpd2NXNFdFcExjZRqUcGq7BAXim8g5EJDD2xs\" target=\"_blank\" rel=\"noreferrer noopener\">Haupt- und Finanzausschuss<\/a><\/td><td><\/td><td><\/td><\/tr><\/tbody><\/table><\/figure>\n\n\n\n<hr class=\"wp-block-separator\"\/>\n\n\n\n<h2 class=\"wp-block-heading\"><span class=\"ez-toc-section\" id=\"250322_aktuelle_Impressionen_von_der_Neustr\"><\/span>(25.03.22) aktuelle Impressionen von der Neustr<span class=\"ez-toc-section-end\"><\/span><\/h2>\n\n\n\n<p>B\u00fcrger-Briefkasten hinter Gitter<\/p>\n\n\n\n<figure class=\"wp-block-gallery has-nested-images columns-3 is-cropped wp-block-gallery-1 is-layout-flex wp-block-gallery-is-layout-flex\">\n<figure class=\"wp-block-image size-thumbnail\"><a href=\"https:\/\/boklima.de\/wp-content\/uploads\/2022\/04\/p-220329-124050-tb-neustrbo-traurig-img-20220329-124049-klein.jpg\"><img loading=\"lazy\" decoding=\"async\" width=\"150\" height=\"150\" data-id=\"11494\" src=\"https:\/\/boklima.de\/wp-content\/uploads\/2022\/04\/p-220329-124050-tb-neustrbo-traurig-img-20220329-124049-klein-150x150.jpg\" alt=\"\" class=\"wp-image-11494\"\/><\/a><\/figure>\n\n\n\n<figure class=\"wp-block-image size-thumbnail\"><a href=\"https:\/\/boklima.de\/wp-content\/uploads\/2022\/04\/p-220329-124030-tb-neustrbo-traurig-img-20220329-124029-klein.jpg\"><img loading=\"lazy\" decoding=\"async\" width=\"150\" height=\"150\" data-id=\"11493\" src=\"https:\/\/boklima.de\/wp-content\/uploads\/2022\/04\/p-220329-124030-tb-neustrbo-traurig-img-20220329-124029-klein-150x150.jpg\" alt=\"\" class=\"wp-image-11493\"\/><\/a><\/figure>\n\n\n\n<figure class=\"wp-block-image size-thumbnail\"><a href=\"https:\/\/boklima.de\/wp-content\/uploads\/2022\/04\/p-220329-123902-tb-neustrbo-traurig-img-20220329-123859-1-klein.jpg\"><img loading=\"lazy\" decoding=\"async\" width=\"150\" height=\"150\" data-id=\"11492\" src=\"https:\/\/boklima.de\/wp-content\/uploads\/2022\/04\/p-220329-123902-tb-neustrbo-traurig-img-20220329-123859-1-klein-150x150.jpg\" alt=\"\" class=\"wp-image-11492\"\/><\/a><\/figure>\n\n\n\n<figure class=\"wp-block-image size-thumbnail\"><a href=\"https:\/\/boklima.de\/wp-content\/uploads\/2022\/04\/p-220329-123900-tb-neustrbo-traurig-img-20220329-123859-klein.jpg\"><img loading=\"lazy\" decoding=\"async\" width=\"150\" height=\"150\" data-id=\"11491\" src=\"https:\/\/boklima.de\/wp-content\/uploads\/2022\/04\/p-220329-123900-tb-neustrbo-traurig-img-20220329-123859-klein-150x150.jpg\" alt=\"\" class=\"wp-image-11491\"\/><\/a><\/figure>\n\n\n\n<figure class=\"wp-block-image size-thumbnail\"><a href=\"https:\/\/boklima.de\/wp-content\/uploads\/2022\/04\/p-220329-123757-tb-neustrbo-traurig-img-20220329-123755-klein.jpg\"><img loading=\"lazy\" decoding=\"async\" width=\"150\" height=\"150\" data-id=\"11490\" src=\"https:\/\/boklima.de\/wp-content\/uploads\/2022\/04\/p-220329-123757-tb-neustrbo-traurig-img-20220329-123755-klein-150x150.jpg\" alt=\"\" class=\"wp-image-11490\"\/><\/a><\/figure>\n\n\n\n<figure class=\"wp-block-image size-thumbnail\"><a href=\"https:\/\/boklima.de\/wp-content\/uploads\/2022\/04\/p-220329-123742-tb-neustrbo-traurig-img-20220329-123741-klein.jpg\"><img loading=\"lazy\" decoding=\"async\" width=\"150\" height=\"150\" data-id=\"11489\" src=\"https:\/\/boklima.de\/wp-content\/uploads\/2022\/04\/p-220329-123742-tb-neustrbo-traurig-img-20220329-123741-klein-150x150.jpg\" alt=\"\" class=\"wp-image-11489\"\/><\/a><\/figure>\n\n\n\n<figure class=\"wp-block-image size-thumbnail\"><a href=\"https:\/\/boklima.de\/wp-content\/uploads\/2022\/04\/p-220329-123526-tb-neustrbo-traurig-img-20220329-123525-klein.jpg\"><img loading=\"lazy\" decoding=\"async\" width=\"150\" height=\"150\" data-id=\"11488\" src=\"https:\/\/boklima.de\/wp-content\/uploads\/2022\/04\/p-220329-123526-tb-neustrbo-traurig-img-20220329-123525-klein-150x150.jpg\" alt=\"\" class=\"wp-image-11488\"\/><\/a><\/figure>\n\n\n\n<figure class=\"wp-block-image size-thumbnail\"><a href=\"https:\/\/boklima.de\/wp-content\/uploads\/2022\/04\/p-220329-123429-tb-neustrbo-traurig-img-20220329-123428-klein.jpg\"><img loading=\"lazy\" decoding=\"async\" width=\"150\" height=\"150\" data-id=\"11487\" src=\"https:\/\/boklima.de\/wp-content\/uploads\/2022\/04\/p-220329-123429-tb-neustrbo-traurig-img-20220329-123428-klein-150x150.jpg\" alt=\"\" class=\"wp-image-11487\"\/><\/a><\/figure>\n<\/figure>\n\n\n\n<hr class=\"wp-block-separator\"\/>\n\n\n\n<h2 class=\"wp-block-heading\"><span class=\"ez-toc-section\" id=\"Weitere_Berichte_Links_von_der_Neustr\"><\/span>Weitere Berichte \/ Links von der Neustr<span class=\"ez-toc-section-end\"><\/span><\/h2>\n\n\n\n<ul class=\"wp-block-list\"><li>(28.12.21, BoKlima) , <a href=\"https:\/\/boklima.de\/?p=10838\">Neues zur Neustr<\/a><\/li><li>(30.05.21, BoKlima, WAZ) , <a href=\"https:\/\/boklima.de\/?p=8448\">An der Neustra\u00dfe wird abgerissen<\/a><\/li><li>(22.05.21, BoKlima) , <a href=\"https:\/\/boklima.de\/?p=8379\">Neustr.: Ideen-Briefkasten reaktiviert<\/a><\/li><li>(26.04.21, BoKlima) , <a href=\"https:\/\/boklima.de\/?p=8186\">Neustr Bericht in der WAZ (23.04)<\/a><\/li><li>(01.03.21, BoKlima) , <a href=\"https:\/\/boklima.de\/?p=7697\">2. Plakat-Aktion : zur Rettung der B\u00e4ume der Neustr.<\/a><\/li><li>(15.12.20, BoKlima) , <a href=\"https:\/\/boklima.de\/?p=6908\">Rettung B\u00e4ume Neustr. ( 8.KNB) ; Aktionsverlauf ; WAZ Bericht 2015!<\/a><\/li><li>&#8212;&#8211;<\/li><li>(19.05.21, bo-alternativ) , <a rel=\"noreferrer noopener\" href=\"https:\/\/www.bo-alternativ.de\/2021\/05\/19\/das-stadtoekologisch-wichtige-grundstueck-zwischen-kreuz-und-neustrasse-darf-nicht-ruecksichtslos-verscherbelt-werden\/\" target=\"_blank\">Das stadt\u00f6kologisch wichtige Grundst\u00fcck zwischen Kreuz- und Neustra\u00dfe darf nicht r\u00fccksichtslos verscherbelt werden!<\/a><\/li><li>(16.12.20, bo-alternativ) , <a href=\"https:\/\/www.bo-alternativ.de\/2020\/12\/16\/nibelungentreue-der-wirtschaftsfoerderung-statt-nachhaltiger-entwicklung-und-klimaschutz\/\">\u2026Nibelungentreue der Wirtschaftsf\u00f6rderung<\/a><\/li><li>(07.01.20, bo-alternativ) , <a href=\"https:\/\/www.bo-alternativ.de\/2020\/01\/07\/ergebnisse-des-jugendforums-bochum-mitte\/\">Ergebnisse des Jugendforums Bochum-Mitte<\/a><\/li><\/ul>\n\n\n\n<h3 class=\"wp-block-heading\"><span class=\"ez-toc-section\" id=\"_Antwort_der_Stadt_auf_den_Offenen_Brief\"><\/span>( ) Antwort der Stadt auf den Offenen Brief <span class=\"ez-toc-section-end\"><\/span><\/h3>\n\n\n\n<p>&#8230;<\/p>\n\n\n\n<p><\/p>\n\n\n\n<hr class=\"wp-block-separator\"\/>\n\n\n\n<hr class=\"wp-block-separator\"\/>\n\n\n\n<p>    <\/p>\n\n\n\n<hr class=\"wp-block-separator\"\/>\n\n\n\n<hr class=\"wp-block-separator\"\/>\n<div id=\"ez-toc-container\" class=\"ez-toc-v2_0_81 counter-hierarchy ez-toc-counter ez-toc-transparent ez-toc-container-direction\">\n<div class=\"ez-toc-title-container\">\n<p class=\"ez-toc-title\" style=\"cursor:inherit\">Inhalte dieser Seite :<\/p>\n<span class=\"ez-toc-title-toggle\"><a href=\"#\" class=\"ez-toc-pull-right ez-toc-btn ez-toc-btn-xs ez-toc-btn-default ez-toc-toggle\" aria-label=\"Toggle Table of Content\"><span class=\"ez-toc-js-icon-con\"><span class=\"\"><span class=\"eztoc-hide\" style=\"display:none;\">Toggle<\/span><span class=\"ez-toc-icon-toggle-span\"><svg style=\"fill: #999;color:#999\" xmlns=\"http:\/\/www.w3.org\/2000\/svg\" class=\"list-377408\" width=\"20px\" height=\"20px\" viewBox=\"0 0 24 24\" fill=\"none\"><path d=\"M6 6H4v2h2V6zm14 0H8v2h12V6zM4 11h2v2H4v-2zm16 0H8v2h12v-2zM4 16h2v2H4v-2zm16 0H8v2h12v-2z\" fill=\"currentColor\"><\/path><\/svg><svg style=\"fill: #999;color:#999\" class=\"arrow-unsorted-368013\" xmlns=\"http:\/\/www.w3.org\/2000\/svg\" width=\"10px\" height=\"10px\" viewBox=\"0 0 24 24\" version=\"1.2\" baseProfile=\"tiny\"><path d=\"M18.2 9.3l-6.2-6.3-6.2 6.3c-.2.2-.3.4-.3.7s.1.5.3.7c.2.2.4.3.7.3h11c.3 0 .5-.1.7-.3.2-.2.3-.5.3-.7s-.1-.5-.3-.7zM5.8 14.7l6.2 6.3 6.2-6.3c.2-.2.3-.5.3-.7s-.1-.5-.3-.7c-.2-.2-.4-.3-.7-.3h-11c-.3 0-.5.1-.7.3-.2.2-.3.5-.3.7s.1.5.3.7z\"\/><\/svg><\/span><\/span><\/span><\/a><\/span><\/div>\n<nav><ul class='ez-toc-list ez-toc-list-level-1 eztoc-toggle-hide-by-default' ><li class='ez-toc-page-1 ez-toc-heading-level-2'><a class=\"ez-toc-link ez-toc-heading-1\" href=\"https:\/\/boklima.de\/?page_id=11467\/#Aktuelles\" >Aktuelles<\/a><ul class='ez-toc-list-level-3' ><li class='ez-toc-heading-level-3'><a class=\"ez-toc-link ez-toc-heading-2\" href=\"https:\/\/boklima.de\/?page_id=11467\/#250422_Nachtrag-1_von_BoKlima_zum_12KNB\" >25.04.22, Nachtrag-1 von BoKlima  zum 12.KNB :<\/a><\/li><li class='ez-toc-page-1 ez-toc-heading-level-3'><a class=\"ez-toc-link ez-toc-heading-3\" href=\"https:\/\/boklima.de\/?page_id=11467\/#090422_Antwort_GRUeNE\" >09.04.22 , Antwort GR\u00dcNE<\/a><\/li><li class='ez-toc-page-1 ez-toc-heading-level-3'><a class=\"ez-toc-link ez-toc-heading-4\" href=\"https:\/\/boklima.de\/?page_id=11467\/#090422_Leserbrief\" >09.04.22, Leserbrief<\/a><\/li><li class='ez-toc-page-1 ez-toc-heading-level-3'><a class=\"ez-toc-link ez-toc-heading-5\" href=\"https:\/\/boklima.de\/?page_id=11467\/#090422_WAZ\" >09.04.22, WAZ<\/a><\/li><li class='ez-toc-page-1 ez-toc-heading-level-3'><a class=\"ez-toc-link ez-toc-heading-6\" href=\"https:\/\/boklima.de\/?page_id=11467\/#080422_WAZ_Plaene_fuer_Filet-Grundstueck_stehen_%E2%80%A6\" >08.04.22, WAZ , Pl\u00e4ne f\u00fcr Filet-Grundst\u00fcck stehen &#8230;<\/a><\/li><\/ul><\/li><li class='ez-toc-page-1 ez-toc-heading-level-2'><a class=\"ez-toc-link ez-toc-heading-7\" href=\"https:\/\/boklima.de\/?page_id=11467\/#12_KNB_KlimaNotstandsBrief_050422\" >12. KNB   [KlimaNotstandsBrief] (05.04.22)<\/a><\/li><li class='ez-toc-page-1 ez-toc-heading-level-2'><a class=\"ez-toc-link ez-toc-heading-8\" href=\"https:\/\/boklima.de\/?page_id=11467\/#Weitere_Informationen_aus_dem_RatsInformationsSystem_RIS\" >Weitere Informationen aus dem RatsInformationsSystem (RIS)<\/a><\/li><li class='ez-toc-page-1 ez-toc-heading-level-2'><a class=\"ez-toc-link ez-toc-heading-9\" href=\"https:\/\/boklima.de\/?page_id=11467\/#250322_aktuelle_Impressionen_von_der_Neustr\" >(25.03.22) aktuelle Impressionen von der Neustr<\/a><\/li><li class='ez-toc-page-1 ez-toc-heading-level-2'><a class=\"ez-toc-link ez-toc-heading-10\" href=\"https:\/\/boklima.de\/?page_id=11467\/#Weitere_Berichte_Links_von_der_Neustr\" >Weitere Berichte \/ Links von der Neustr<\/a><ul class='ez-toc-list-level-3' ><li class='ez-toc-heading-level-3'><a class=\"ez-toc-link ez-toc-heading-11\" href=\"https:\/\/boklima.de\/?page_id=11467\/#_Antwort_der_Stadt_auf_den_Offenen_Brief\" >( ) Antwort der Stadt auf den Offenen Brief<\/a><\/li><\/ul><\/li><\/ul><\/nav><\/div>\n","protected":false},"excerpt":{"rendered":"<p>Aktuelles 25.04.22, Nachtrag-1 von BoKlima zum 12.KNB : 09.04.22 , Antwort GR\u00dcNE Hallo ,was daran unverantwortlich sein soll, wenn wir f\u00fcr die Pl\u00e4ne einer Bebauung sind die viel Freifl\u00e4che und B\u00e4ume erh\u00e4lt musst du mal genauer erkl\u00e4ren. Das war exakt deine Forderung.Demn\u00e4chst solltest du vielleicht erstmal Infos sammeln, bevor du Unsinn in die Welt setzt.&nbsp; &hellip; <a href=\"https:\/\/boklima.de\/?page_id=11467\" class=\"more-link\"><span class=\"screen-reader-text\">\u201e12. KNB (05.04.22) Fragen zum weiteren Prozess \/ Verkauf  an der &#8216;Neustr.&#8217;\u201c <\/span>weiterlesen<\/a><\/p>\n","protected":false},"author":2,"featured_media":0,"parent":4353,"menu_order":3,"comment_status":"closed","ping_status":"closed","template":"","meta":{"ngg_post_thumbnail":0,"_mc_calendar":[],"footnotes":""},"class_list":["post-11467","page","type-page","status-publish","hentry"],"rttpg_featured_image_url":null,"rttpg_author":{"display_name":"thomas - als admin","author_link":"https:\/\/boklima.de\/?author=2"},"rttpg_comment":0,"rttpg_category":null,"rttpg_excerpt":"Aktuelles 25.04.22, Nachtrag-1 von BoKlima zum 12.KNB : 09.04.22 , Antwort GR\u00dcNE Hallo ,was daran unverantwortlich sein soll, wenn wir f\u00fcr die Pl\u00e4ne einer Bebauung sind die viel Freifl\u00e4che und B\u00e4ume erh\u00e4lt musst du mal genauer erkl\u00e4ren. Das war exakt deine Forderung.Demn\u00e4chst solltest du vielleicht erstmal Infos sammeln, bevor du Unsinn in die Welt setzt.&nbsp;&hellip;","_links":{"self":[{"href":"https:\/\/boklima.de\/index.php?rest_route=\/wp\/v2\/pages\/11467","targetHints":{"allow":["GET"]}}],"collection":[{"href":"https:\/\/boklima.de\/index.php?rest_route=\/wp\/v2\/pages"}],"about":[{"href":"https:\/\/boklima.de\/index.php?rest_route=\/wp\/v2\/types\/page"}],"author":[{"embeddable":true,"href":"https:\/\/boklima.de\/index.php?rest_route=\/wp\/v2\/users\/2"}],"replies":[{"embeddable":true,"href":"https:\/\/boklima.de\/index.php?rest_route=%2Fwp%2Fv2%2Fcomments&post=11467"}],"version-history":[{"count":10,"href":"https:\/\/boklima.de\/index.php?rest_route=\/wp\/v2\/pages\/11467\/revisions"}],"predecessor-version":[{"id":11627,"href":"https:\/\/boklima.de\/index.php?rest_route=\/wp\/v2\/pages\/11467\/revisions\/11627"}],"up":[{"embeddable":true,"href":"https:\/\/boklima.de\/index.php?rest_route=\/wp\/v2\/pages\/4353"}],"wp:attachment":[{"href":"https:\/\/boklima.de\/index.php?rest_route=%2Fwp%2Fv2%2Fmedia&parent=11467"}],"curies":[{"name":"wp","href":"https:\/\/api.w.org\/{rel}","templated":true}]}}