{"id":10977,"date":"2022-01-18T13:28:37","date_gmt":"2022-01-18T12:28:37","guid":{"rendered":"https:\/\/boklima.de\/?page_id=10977"},"modified":"2022-01-18T13:32:22","modified_gmt":"2022-01-18T12:32:22","slug":"rss-feeds-zum-thema-klima-2-2","status":"publish","type":"page","link":"https:\/\/boklima.de\/?page_id=10977","title":{"rendered":"RSS*-Feeds zum Thema Klima&#8230;  ( 2 \/ 2 )"},"content":{"rendered":"\n<hr class=\"wp-block-separator\"\/>\n\n\n\n<p>(*) RSS-Fedd siehe hier : <a href=\"https:\/\/de.wikipedia.org\/wiki\/RSS_(Web-Feed)\" target=\"_blank\" rel=\"noreferrer noopener\">wikipedia <\/a><\/p>\n\n\n\n<hr class=\"wp-block-separator\"\/>\n\n\n\n<p>Zu Seite 1 der Klima &#8211; Rss-Feeds : <a href=\"https:\/\/boklima.de\/?page_id=10978\">hier<\/a> <\/p>\n\n\n\n<hr class=\"wp-block-separator\"\/>\n\n\n\n<h2 class=\"wp-block-heading\"><span class=\"ez-toc-section\" id=\"Feeds-_Ueberblick_zur_Zeit\"><\/span>Feeds- \u00dcberblick (zur Zeit)<span class=\"ez-toc-section-end\"><\/span><\/h2>\n\n\n\n<ul class=\"wp-block-list\"><li><a href=\"https:\/\/boklima.de\/?page_id=9187#unter_2_Grad_Bundesregierung\">unter 2 Grad (Bundesregierung)<\/a>  z.Zt. defekt<\/li><li><a href=\"https:\/\/boklima.de\/?page_id=9187#Waz_Bochum\">Waz Bochum<\/a><\/li><li><a href=\"https:\/\/boklima.de\/?page_id=9187#sueddeutsche_-_Politik\">sueddeutsche \u2013 Politik<\/a><\/li><li><a href=\"https:\/\/boklima.de\/?page_id=9187#SPIEGELde_komplett_-_RSS-Feed_mit_allen_Artikeln\">SPIEGEL.de komplett \u2013 RSS-Feed mit allen Artikeln<\/a><\/li><li><a href=\"https:\/\/boklima.de\/?page_id=9187#Faznet_Thema_Klima_Energie_und_Umwelt\">Faz.net Thema : Klima Energie und Umwelt<\/a><\/li><li><a href=\"https:\/\/boklima.de\/?page_id=9187#klimaschutz_netz\">klimaschutz netz<\/a><\/li><li><a href=\"https:\/\/boklima.de\/?page_id=9187#Bioskill_Umwelt\">Bioskill Umwelt<\/a><\/li><li><a href=\"https:\/\/boklima.de\/?page_id=9187#neues_energiezeitalter\">neues energiezeitalter<\/a><\/li><\/ul>\n\n\n\n<h2 class=\"wp-block-heading\"><span class=\"ez-toc-section\" id=\"Die_Feeds\"><\/span>Die Feeds<span class=\"ez-toc-section-end\"><\/span><\/h2>\n\n\n\n<h3 class=\"wp-block-heading\"><span class=\"ez-toc-section\" id=\"unter_2_Grad_Bundesregierung\"><\/span>unter 2 Grad (Bundesregierung)<span class=\"ez-toc-section-end\"><\/span><\/h3>\n\n\n\n<p>(https:\/\/www.bundesregierung.de\/service\/rss\/breg-de\/1151248\/feed.xml)<\/p>\n\n\n<div class=\"components-placeholder\"><div class=\"notice notice-error\">Ein Fehler ist aufgetreten \u2013 der Feed funktioniert zurzeit nicht. Versuche es sp\u00e4ter noch einmal.<\/div><\/div>\n\n\n<hr class=\"wp-block-separator\"\/>\n\n\n\n<h3 class=\"wp-block-heading\"><span class=\"ez-toc-section\" id=\"Waz_Bochum\"><\/span>Waz Bochum <span class=\"ez-toc-section-end\"><\/span><\/h3>\n\n\n\n<p>(https:\/\/www.waz.de\/staedte\/bochum\/rss)<\/p>\n\n\n\n<p> <\/p>\n\n\n<ul class=\"is-grid columns-2 has-dates has-authors has-excerpts wp-block-rss\"><li class='wp-block-rss__item'><div class='wp-block-rss__item-title'><a href='https:\/\/www.waz.de\/staedte\/bochum\/article242549390\/Sturm-Feuerwehr-Bochum-saegt-gefaehrliche-Baumkrone-ab.html'>Sturm: Feuerwehr Bochum s\u00e4gt gef\u00e4hrliche Baumkrone ab<\/a><\/div><time datetime=\"2024-06-11T09:11:43+02:00\" class=\"wp-block-rss__item-publish-date\">11. Juni 2024<\/time> <div class=\"wp-block-rss__item-excerpt\">Wegen Sturmb\u00f6en ist die Feuerwehr am Montagabend zu f\u00fcnf Eins\u00e4tzen ausger\u00fcckt. Besonders viel Arbeit machte eine 800 Kilo schwere Baumkrone.<\/div><\/li><li class='wp-block-rss__item'><div class='wp-block-rss__item-title'><a href='https:\/\/www.waz.de\/staedte\/bochum\/article232835451\/Apotheken-Notdienst-in-Bochum-Wer-hat-geoeffnet.html'>Apotheken-Notdienst in Bochum \u2013 Wer hat ge\u00f6ffnet?<\/a><\/div><time datetime=\"2024-06-11T09:00:00+02:00\" class=\"wp-block-rss__item-publish-date\">11. Juni 2024<\/time> <div class=\"wp-block-rss__item-excerpt\">Sie brauchen dringend ein Medikament au\u00dferhalb der normalen \u00d6ffnungszeiten der Bochumer Apotheken? Diese Apotheken haben heute ge\u00f6ffnet.<\/div><\/li><li class='wp-block-rss__item'><div class='wp-block-rss__item-title'><a href='https:\/\/www.waz.de\/staedte\/bochum\/article242548710\/Neuer-Bochum-Krimi-Dramatische-Entfuehrung-bei-Fussball-EM.html'>Neuer Bochum-Krimi: Dramatische Entf\u00fchrung bei Fu\u00dfball-EM<\/a><\/div><time datetime=\"2024-06-11T08:00:00+02:00\" class=\"wp-block-rss__item-publish-date\">11. Juni 2024<\/time> <span class=\"wp-block-rss__item-author\">von Sven Westernstr\u00f6er<\/span><div class=\"wp-block-rss__item-excerpt\">Mord und Totschlag w\u00e4hrend der Euro: \u201eIhr letztes Spiel\u201c hei\u00dft der neue Thriller von Arne Dessaul. Eine Lesung daraus f\u00fchrt [&hellip;]<\/div><\/li><li class='wp-block-rss__item'><div class='wp-block-rss__item-title'><a href='https:\/\/www.waz.de\/staedte\/bochum\/article242547302\/538-Euro-fuer-Herbert-Groenemeyer-Saftige-Preise-aergern-Fans.html'>538 Euro f\u00fcr Herbert Gr\u00f6nemeyer: Saftige Preise \u00e4rgern Fans<\/a><\/div><time datetime=\"2024-06-11T07:00:00+02:00\" class=\"wp-block-rss__item-publish-date\">11. Juni 2024<\/time> <div class=\"wp-block-rss__item-excerpt\">Die Konzerte von Herbert Gr\u00f6nemeyer beim Heimspiel in Bochum sind seit Wochen ausverkauft. Daf\u00fcr bl\u00fcht der Online-Handel teils mit Mondpreisen.<\/div><\/li><li class='wp-block-rss__item'><div class='wp-block-rss__item-title'><a href='https:\/\/www.waz.de\/staedte\/bochum\/article242542902\/Wohnungen-entstehen-in-Bochum-wo-frueher-Brot-gebacken-wurde.html'>Wohnungen entstehen in Bochum, wo fr\u00fcher Brot gebacken wurde<\/a><\/div><time datetime=\"2024-06-11T06:00:00+02:00\" class=\"wp-block-rss__item-publish-date\">11. Juni 2024<\/time> <div class=\"wp-block-rss__item-excerpt\">Im n\u00e4chsten Jahr will eine Bochumer B\u00e4ckerfamilie nahe ihrer ehemaligen Backstube Wohnungen bauen. Im Erdgeschoss ist Gewerbe geplant.<\/div><\/li><li class='wp-block-rss__item'><div class='wp-block-rss__item-title'><a href='https:\/\/www.waz.de\/staedte\/bochum\/article242543678\/Werbung-zum-Toeten-Kritik-an-Bundeswehr-Besuch-in-Schule.html'>\u201eWerbung zum T\u00f6ten\u201c: Kritik an Bundeswehr-Besuch in Schule<\/a><\/div><time datetime=\"2024-06-11T05:01:00+02:00\" class=\"wp-block-rss__item-publish-date\">11. Juni 2024<\/time> <span class=\"wp-block-rss__item-author\">von Sarah K\u00e4hler<\/span><div class=\"wp-block-rss__item-excerpt\">Am Dienstag kommen Karriereberater der Bundeswehr an eine Gesamtschule in Bochum. Ein Unding, findet das Friedensplenum. Das sagt die Schule.<\/div><\/li><li class='wp-block-rss__item'><div class='wp-block-rss__item-title'><a href='https:\/\/www.waz.de\/staedte\/bochum\/article242547190\/Misstrauen-in-eigener-Partei-Buergermeister-vor-Abwahl.html'>Misstrauen in eigener Partei: B\u00fcrgermeister vor Abwahl<\/a><\/div><time datetime=\"2024-06-10T19:04:00+02:00\" class=\"wp-block-rss__item-publish-date\">10. Juni 2024<\/time> <span class=\"wp-block-rss__item-author\">von Gernot Noelle<\/span><div class=\"wp-block-rss__item-excerpt\">Das Aus f\u00fcr Wattenscheids Bezirksb\u00fcrgermeister Herzog scheint besiegelt: Tritt er nicht zur\u00fcck, soll er abgew\u00e4hlt werden. Alle Hintergr\u00fcnde.<\/div><\/li><li class='wp-block-rss__item'><div class='wp-block-rss__item-title'><a href='https:\/\/www.waz.de\/staedte\/bochum\/article242547150\/Aus-fuer-Bochumer-Bezirksbuergermeister-Es-gibt-nur-Verlierer.html'>Aus f\u00fcr Bochumer Bezirksb\u00fcrgermeister: Es gibt nur Verlierer<\/a><\/div><time datetime=\"2024-06-10T19:04:00+02:00\" class=\"wp-block-rss__item-publish-date\">10. Juni 2024<\/time> <span class=\"wp-block-rss__item-author\">von Gernot Noelle<\/span><div class=\"wp-block-rss__item-excerpt\">Die Tage des Bezirksb\u00fcrgermeisters in Bochum-Wattenscheid sind gez\u00e4hlt. Die Querelen haben Spuren hinterlassen und d\u00fcrften noch lange nachwirken.<\/div><\/li><\/ul>\n\n\n<hr class=\"wp-block-separator\"\/>\n\n\n\n<hr class=\"wp-block-separator\"\/>\n\n\n\n<h3 class=\"wp-block-heading\"><span class=\"ez-toc-section\" id=\"sueddeutsche_%E2%80%93_Politik\"><\/span>sueddeutsche &#8211; Politik<span class=\"ez-toc-section-end\"><\/span><\/h3>\n\n\n\n<p>(https:\/\/rss.sueddeutsche.de\/rss\/Politik)<\/p>\n\n\n<ul class=\"is-grid columns-2 has-dates has-authors has-excerpts wp-block-rss\"><li class='wp-block-rss__item'><div class='wp-block-rss__item-title'><a href='https:\/\/www.sueddeutsche.de\/politik\/gespraeche-usa-iran-islamabad-iran-krieg-benzinpreis-li.3473718'>Friedensgespr\u00e4che: Noch bevor die Amerikaner ankommen, ist der Iraner abgereist<\/a><\/div><time datetime=\"2026-04-25T19:08:52+02:00\" class=\"wp-block-rss__item-publish-date\">25. April 2026<\/time> <span class=\"wp-block-rss__item-author\">von Von Tobias Matern, Islamabad<\/span><div class=\"wp-block-rss__item-excerpt\">Konfrontation statt Entspannung: In Islamabad sollte am Samstag ein Anlauf beginnen, um den US-Krieg gegen Iran zu beenden. Doch es kommt anders &#8211; Trump cancelt [&hellip;]<\/div><\/li><li class='wp-block-rss__item'><div class='wp-block-rss__item-title'><a href='https:\/\/www.sueddeutsche.de\/politik\/iran-liveblog-news-krieg-trump-vermittler-witkoff-li.3472459'>Krieg in Iran: Trump sagt Reise seiner Verhandler nach Pakistan ab<\/a><\/div><time datetime=\"2026-04-25T18:21:14+02:00\" class=\"wp-block-rss__item-publish-date\">25. April 2026<\/time> <span class=\"wp-block-rss__item-author\">von Alle Entwicklungen im Liveblog<\/span><div class=\"wp-block-rss__item-excerpt\">Eigentlich war damit gerechnet worden, dass Jared Kushner, der Schwiegersohn des US-Pr\u00e4sidenten, und der Sondergesandte Steve Witkoff f\u00fcr Gespr\u00e4che \u00fcber den Iran-Krieg in das Land [&hellip;]<\/div><\/li><li class='wp-block-rss__item'><div class='wp-block-rss__item-title'><a href='https:\/\/www.sueddeutsche.de\/politik\/afd-alexander-eichwald-ausschluss-rede-li.3473783'>Umstrittene Rede: AfD schlie\u00dft Eichwald aus Partei aus<\/a><\/div><time datetime=\"2026-04-25T16:27:04+02:00\" class=\"wp-block-rss__item-publish-date\">25. April 2026<\/time> <div class=\"wp-block-rss__item-excerpt\">Alexander Eichwald hatte bei einer AfD-Veranstaltung im November mit einer Rede im Stile Adolf Hitlers irritiert.<\/div><\/li><li class='wp-block-rss__item'><div class='wp-block-rss__item-title'><a href='https:\/\/www.sueddeutsche.de\/politik\/signal-hack-deutschland-regierung-politiker-phishing-li.3473663'>Gehackte Handys: Signal-Aff\u00e4re erreicht die Bundesregierung<\/a><\/div><time datetime=\"2026-04-25T16:17:21+02:00\" class=\"wp-block-rss__item-publish-date\">25. April 2026<\/time> <span class=\"wp-block-rss__item-author\">von Von Markus Balser, Berlin<\/span><div class=\"wp-block-rss__item-excerpt\">Die Zahl der Betroffenen liegt mindestens im dreistelligen Bereich. Auch Bauministerin Hubertz und Familienministerin Prien sollen dazugeh\u00f6ren. Sicherheitsbeh\u00f6rden sehen Russland hinter dem Angriff.<\/div><\/li><\/ul>\n\n\n<p><\/p>\n\n\n\n<hr class=\"wp-block-separator\"\/>\n\n\n\n<hr class=\"wp-block-separator\"\/>\n\n\n\n<h3 class=\"wp-block-heading\"><span class=\"ez-toc-section\" id=\"SPIEGELde_komplett_%E2%80%93_RSS-Feed_mit_allen_Artikeln\"><\/span>SPIEGEL.de komplett \u2013 RSS-Feed mit allen Artikeln<span class=\"ez-toc-section-end\"><\/span><\/h3>\n\n\n\n<p>(?? ist dieser Rss-Feed noch sinnvoll wg. spezial spiegel feed zu ZThema Klima s. 1 Absatz hoeher ??)<\/p>\n\n\n\n<p>(https:\/\/www.spiegel.de\/schlagzeilen\/index.rss)<\/p>\n\n\n<ul class=\"is-grid columns-2 has-dates has-authors has-excerpts alignwide wp-block-rss\"><li class='wp-block-rss__item'><div class='wp-block-rss__item-title'><a href='https:\/\/www.spiegel.de\/panorama\/leute\/koenig-von-daenemark-reist-mit-sirius-schlittenpatrouille-durch-groenland-a-12eb9c86-9b8d-4b43-b314-d687e673e7dd#ref=rss'>K\u00f6nig von D\u00e4nemark reist mit Sirius-Schlittenpatrouille durch Gr\u00f6nland<\/a><\/div><time datetime=\"2026-04-25T19:48:00+02:00\" class=\"wp-block-rss__item-publish-date\">25. April 2026<\/time> <div class=\"wp-block-rss__item-excerpt\">Gleich mehrere Tage war K\u00f6nig Frederik X. von D\u00e4nemark mit Elitesoldaten und ihren Hundeschlitten auf Gr\u00f6nland unterwegs. Er schw\u00e4rmte vom \u00bbRausch der Natur\u00ab \u2013 und [&hellip;]<\/div><\/li><li class='wp-block-rss__item'><div class='wp-block-rss__item-title'><a href='https:\/\/www.spiegel.de\/kultur\/jd-vance-und-der-vatikan-wie-der-us-vize-im-katholiken-kampf-gegen-den-papst-scheiterte-a-e41b9f29-9e27-4722-b289-a36a5afc7af4#ref=rss'>JD Vance und der Vatikan: Wie der US-Vize im Katholiken-Kampf gegen den Papst scheiterte<\/a><\/div><time datetime=\"2026-04-25T19:30:00+02:00\" class=\"wp-block-rss__item-publish-date\">25. April 2026<\/time> <div class=\"wp-block-rss__item-excerpt\">Bei der US-Rechten gilt das Katholische schon l\u00e4nger als schick. Doch nach dem verlorenen Konflikt mit dem Vatikan bemerkt nicht nur der US-Vizepr\u00e4sident, dass er [&hellip;]<\/div><\/li><li class='wp-block-rss__item'><div class='wp-block-rss__item-title'><a href='https:\/\/www.spiegel.de\/ausland\/mali-dschihadisten-starten-schwerste-koordinierte-angriffe-seit-jahren-a-ddbdc85d-9028-4c12-ba4b-9169676c904a#ref=rss'>Mali: Dschihadisten starten schwerste koordinierte Angriffe seit Jahren<\/a><\/div><time datetime=\"2026-04-25T19:27:00+02:00\" class=\"wp-block-rss__item-publish-date\">25. April 2026<\/time> <div class=\"wp-block-rss__item-excerpt\">Das Haus des Verteidigungsministers? Zerst\u00f6rt. Der wichtigste Milit\u00e4rst\u00fctzpunkt? Unter Beschuss. Malis Junta ringt seit Jahren mit Islamisten und anderen Aufst\u00e4ndischen. Nun haben sie im ganzen [&hellip;]<\/div><\/li><li class='wp-block-rss__item'><div class='wp-block-rss__item-title'><a href='https:\/\/www.spiegel.de\/politik\/deutschland\/elif-eralp-will-kai-wegner-abloesen-mit-ein-bisschen-law-and-order-von-links-a-be27b163-5623-4c44-a020-4ffa16854ad3#ref=rss'>Elif Eralp will Kai Wegner abl\u00f6sen \u2013 mit ein bisschen Law and Order von links<\/a><\/div><time datetime=\"2026-04-25T19:19:00+02:00\" class=\"wp-block-rss__item-publish-date\">25. April 2026<\/time> <div class=\"wp-block-rss__item-excerpt\">Die Linke Elif Eralp will Berlin regieren und tritt an mit dem Kampf gegen \u00fcberteuerte Mieten und den M\u00fcll auf den Stra\u00dfen. Ihre eigene Partei [&hellip;]<\/div><\/li><li class='wp-block-rss__item'><div class='wp-block-rss__item-title'><a href='https:\/\/www.spiegel.de\/politik\/deutschland\/heizungsgesetz-bauministerin-hubertz-will-vermieter-an-waermekosten-beteiligen-a-ec669a37-7f9f-4b12-ad66-27b7392b0f91#ref=rss'>Heizungsgesetz: Bauministerin Hubertz will Vermieter an W\u00e4rmekosten beteiligen<\/a><\/div><time datetime=\"2026-04-25T19:15:00+02:00\" class=\"wp-block-rss__item-publish-date\">25. April 2026<\/time> <div class=\"wp-block-rss__item-excerpt\">Bauministerin Verena Hubertz will Mieter vor steigenden Energiekosten sch\u00fctzen und Vermieter bei Gas- und \u00d6lheizungen in die Pflicht nehmen. Kritik kommt aus der Union, die [&hellip;]<\/div><\/li><li class='wp-block-rss__item'><div class='wp-block-rss__item-title'><a href='https:\/\/www.spiegel.de\/ausland\/was-spricht-dagegen-irans-praesident-ruft-zum-stromsparen-auf-a-4ffc6c74-a771-4f04-8a0e-53b0c1050c32#ref=rss'>Iran: Masoud Pezeshkian ruft zum Stromsparen auf<\/a><\/div><time datetime=\"2026-04-25T19:10:00+02:00\" class=\"wp-block-rss__item-publish-date\">25. April 2026<\/time> <div class=\"wp-block-rss__item-excerpt\">In Iran ist der Strom knapp. Der Pr\u00e4sident des Landes bittet nun die Bev\u00f6lkerung, den Konsum einzuschr\u00e4nken. Dar\u00fcber, was zu den Engp\u00e4ssen gef\u00fchrt hat, sind [&hellip;]<\/div><\/li><\/ul>\n\n\n<hr class=\"wp-block-separator\"\/>\n\n\n\n<h3 class=\"wp-block-heading\"><span class=\"ez-toc-section\" id=\"Faznet_Thema_Klima_Energie_und_Umwelt\"><\/span>Faz.net Thema : Klima Energie und Umwelt<span class=\"ez-toc-section-end\"><\/span><\/h3>\n\n\n\n<p>(https:\/\/www.faz.net\/rss\/aktuell\/wirtschaft\/klima-energie-und-umwelt\/)<\/p>\n\n\n<div class=\"components-placeholder\"><div class=\"notice notice-error\"><strong>RSS-Fehler:<\/strong> Retrieved unsupported status code &quot;404&quot;<\/div><\/div>\n\n\n<hr class=\"wp-block-separator\"\/>\n\n\n\n<hr class=\"wp-block-separator\"\/>\n\n\n\n<h3 class=\"wp-block-heading\"><span class=\"ez-toc-section\" id=\"klimaschutz_netz\"><\/span>klimaschutz netz<span class=\"ez-toc-section-end\"><\/span><\/h3>\n\n\n\n<p>(http:\/\/klimaschutz-netz.de\/index.php?format=feed&amp;type=rss)<\/p>\n\n\n<div class=\"components-placeholder\"><div class=\"notice notice-error\"><strong>RSS-Fehler:<\/strong> WP HTTP Error: Es wurde keine g\u00fcltige URL \u00fcbermittelt.<\/div><\/div>\n\n\n<hr class=\"wp-block-separator\"\/>\n\n\n\n<h3 class=\"wp-block-heading\"><span class=\"ez-toc-section\" id=\"Bioskill_Umwelt\"><\/span>Bioskill Umwelt<span class=\"ez-toc-section-end\"><\/span><\/h3>\n\n\n\n<p>(https:\/\/3xyz.de\/net\/bioskill\/category\/umwelt\/feed)<\/p>\n\n\n<div class=\"components-placeholder\"><div class=\"notice notice-error\"><strong>RSS-Fehler:<\/strong> WP HTTP Error: cURL error 60: SSL certificate problem: unable to get local issuer certificate<\/div><\/div>\n\n\n<hr class=\"wp-block-separator\"\/>\n\n\n\n<hr class=\"wp-block-separator\"\/>\n\n\n\n<h3 class=\"wp-block-heading\"><span class=\"ez-toc-section\" id=\"neues_energiezeitalter\"><\/span>neues energiezeitalter<span class=\"ez-toc-section-end\"><\/span><\/h3>\n\n\n\n<p>(http:\/\/neues-energiezeitalter.de\/rss)<\/p>\n\n\n<ul class=\"is-grid columns-2 has-dates has-authors has-excerpts wp-block-rss\"><li class='wp-block-rss__item'><div class='wp-block-rss__item-title'><a href='https:\/\/neues-energiezeitalter.de\/2022\/wwf-akuter-handlungsbedarf-besteht-schon-diesen-winter\/'>WWF: Akuter Handlungsbedarf besteht schon diesen Winter<\/a><\/div><time datetime=\"2022-10-06T20:07:51+02:00\" class=\"wp-block-rss__item-publish-date\">6. Oktober 2022<\/time> <span class=\"wp-block-rss__item-author\">von neues-energiezeitalter<\/span><div class=\"wp-block-rss__item-excerpt\">Zu den Eckpunkten f\u00fcr eine Nationale Biomassestrategie der Bundesregierung erkl\u00e4rt Johann Rathke, Koordinator f\u00fcr Agrar- und Landnutzungspolitik beim WWF Deutschland: \u201eEs ist h\u00f6chste Zeit f\u00fcr [&hellip;]<\/div><\/li><li class='wp-block-rss__item'><div class='wp-block-rss__item-title'><a href='https:\/\/neues-energiezeitalter.de\/2022\/wer-sind-die-sponsoren-des-egc-2022\/'>Wer sind die Sponsoren des EGC 2022?<\/a><\/div><time datetime=\"2022-10-06T20:03:25+02:00\" class=\"wp-block-rss__item-publish-date\">6. Oktober 2022<\/time> <span class=\"wp-block-rss__item-author\">von neues-energiezeitalter<\/span><div class=\"wp-block-rss__item-excerpt\">Der Europ\u00e4ische Geothermiekongress ist die gr\u00f6\u00dfte Zusammenkunft der Geothermie-Branche in Europa. Da sich immer mehr M\u00e4rkte f\u00fcr diese wettbewerbsf\u00e4hige und lokale erneuerbare Energiequelle \u00f6ffnen, ist [&hellip;]<\/div><\/li><li class='wp-block-rss__item'><div class='wp-block-rss__item-title'><a href='https:\/\/neues-energiezeitalter.de\/2022\/anmeldung-zum-europaeischen-geothermiekongress-wegen-hoher-nachfrage-verlaengert\/'>Anmeldung zum Europ\u00e4ischen Geothermiekongress wegen hoher Nachfrage verl\u00e4ngert<\/a><\/div><time datetime=\"2022-10-03T09:41:15+02:00\" class=\"wp-block-rss__item-publish-date\">3. Oktober 2022<\/time> <span class=\"wp-block-rss__item-author\">von neues-energiezeitalter<\/span><div class=\"wp-block-rss__item-excerpt\">Mehr als 900 Teilnehmende haben sich bereits f\u00fcr den im Oktober anstehenden Europ\u00e4ischen Geothermiekongress EGC in Berlin registriert. Die Kongressveranstalter European Geothermal Energy Council (EGEC) [&hellip;]<\/div><\/li><li class='wp-block-rss__item'><div class='wp-block-rss__item-title'><a href='https:\/\/neues-energiezeitalter.de\/2022\/gaspreisbremse-muss-mit-energiesparen-einher-gehen-brauchen-noch-den-klimaschutz-wumms\/'>Gaspreisbremse muss mit Energiesparen einher gehen \u2013 Brauchen noch den \u201eKlimaschutz-Wumms\u201c<\/a><\/div><time datetime=\"2022-09-29T19:48:22+02:00\" class=\"wp-block-rss__item-publish-date\">29. September 2022<\/time> <span class=\"wp-block-rss__item-author\">von neues-energiezeitalter<\/span><div class=\"wp-block-rss__item-excerpt\">Anl\u00e4sslich des Kabinettsbeschlusses zur Errichtung eines Abwehrschirms f\u00fcr Energieversorger und zur Einf\u00fchrung einer Gaspreisbremse erkl\u00e4rt\u00a0Olaf Bandt, Vorsitzender des Bund f\u00fcr Umwelt und Naturschutz Deutschland (BUND): [&hellip;]<\/div><\/li><\/ul>\n\n\n<h2 class=\"wp-block-heading\"><\/h2>\n\n\n\n<p><\/p>\n<div id=\"ez-toc-container\" class=\"ez-toc-v2_0_82_2 counter-hierarchy ez-toc-counter ez-toc-transparent ez-toc-container-direction\">\n<div class=\"ez-toc-title-container\">\n<p class=\"ez-toc-title\" style=\"cursor:inherit\">Inhalte dieser Seite :<\/p>\n<span class=\"ez-toc-title-toggle\"><a href=\"#\" class=\"ez-toc-pull-right ez-toc-btn ez-toc-btn-xs ez-toc-btn-default ez-toc-toggle\" aria-label=\"Toggle Table of Content\"><span class=\"ez-toc-js-icon-con\"><span class=\"\"><span class=\"eztoc-hide\" style=\"display:none;\">Toggle<\/span><span class=\"ez-toc-icon-toggle-span\"><svg style=\"fill: #999;color:#999\" xmlns=\"http:\/\/www.w3.org\/2000\/svg\" class=\"list-377408\" width=\"20px\" height=\"20px\" viewBox=\"0 0 24 24\" fill=\"none\"><path d=\"M6 6H4v2h2V6zm14 0H8v2h12V6zM4 11h2v2H4v-2zm16 0H8v2h12v-2zM4 16h2v2H4v-2zm16 0H8v2h12v-2z\" fill=\"currentColor\"><\/path><\/svg><svg style=\"fill: #999;color:#999\" class=\"arrow-unsorted-368013\" xmlns=\"http:\/\/www.w3.org\/2000\/svg\" width=\"10px\" height=\"10px\" viewBox=\"0 0 24 24\" version=\"1.2\" baseProfile=\"tiny\"><path d=\"M18.2 9.3l-6.2-6.3-6.2 6.3c-.2.2-.3.4-.3.7s.1.5.3.7c.2.2.4.3.7.3h11c.3 0 .5-.1.7-.3.2-.2.3-.5.3-.7s-.1-.5-.3-.7zM5.8 14.7l6.2 6.3 6.2-6.3c.2-.2.3-.5.3-.7s-.1-.5-.3-.7c-.2-.2-.4-.3-.7-.3h-11c-.3 0-.5.1-.7.3-.2.2-.3.5-.3.7s.1.5.3.7z\"\/><\/svg><\/span><\/span><\/span><\/a><\/span><\/div>\n<nav><ul class='ez-toc-list ez-toc-list-level-1 eztoc-toggle-hide-by-default' ><li class='ez-toc-page-1 ez-toc-heading-level-2'><a class=\"ez-toc-link ez-toc-heading-1\" href=\"https:\/\/boklima.de\/?page_id=10977\/#Feeds-_Ueberblick_zur_Zeit\" >Feeds- \u00dcberblick (zur Zeit)<\/a><\/li><li class='ez-toc-page-1 ez-toc-heading-level-2'><a class=\"ez-toc-link ez-toc-heading-2\" href=\"https:\/\/boklima.de\/?page_id=10977\/#Die_Feeds\" >Die Feeds<\/a><ul class='ez-toc-list-level-3' ><li class='ez-toc-heading-level-3'><a class=\"ez-toc-link ez-toc-heading-3\" href=\"https:\/\/boklima.de\/?page_id=10977\/#unter_2_Grad_Bundesregierung\" >unter 2 Grad (Bundesregierung)<\/a><\/li><li class='ez-toc-page-1 ez-toc-heading-level-3'><a class=\"ez-toc-link ez-toc-heading-4\" href=\"https:\/\/boklima.de\/?page_id=10977\/#Waz_Bochum\" >Waz Bochum<\/a><\/li><li class='ez-toc-page-1 ez-toc-heading-level-3'><a class=\"ez-toc-link ez-toc-heading-5\" href=\"https:\/\/boklima.de\/?page_id=10977\/#sueddeutsche_%E2%80%93_Politik\" >sueddeutsche &#8211; Politik<\/a><\/li><li class='ez-toc-page-1 ez-toc-heading-level-3'><a class=\"ez-toc-link ez-toc-heading-6\" href=\"https:\/\/boklima.de\/?page_id=10977\/#SPIEGELde_komplett_%E2%80%93_RSS-Feed_mit_allen_Artikeln\" >SPIEGEL.de komplett \u2013 RSS-Feed mit allen Artikeln<\/a><\/li><li class='ez-toc-page-1 ez-toc-heading-level-3'><a class=\"ez-toc-link ez-toc-heading-7\" href=\"https:\/\/boklima.de\/?page_id=10977\/#Faznet_Thema_Klima_Energie_und_Umwelt\" >Faz.net Thema : Klima Energie und Umwelt<\/a><\/li><li class='ez-toc-page-1 ez-toc-heading-level-3'><a class=\"ez-toc-link ez-toc-heading-8\" href=\"https:\/\/boklima.de\/?page_id=10977\/#klimaschutz_netz\" >klimaschutz netz<\/a><\/li><li class='ez-toc-page-1 ez-toc-heading-level-3'><a class=\"ez-toc-link ez-toc-heading-9\" href=\"https:\/\/boklima.de\/?page_id=10977\/#Bioskill_Umwelt\" >Bioskill Umwelt<\/a><\/li><li class='ez-toc-page-1 ez-toc-heading-level-3'><a class=\"ez-toc-link ez-toc-heading-10\" href=\"https:\/\/boklima.de\/?page_id=10977\/#neues_energiezeitalter\" >neues energiezeitalter<\/a><\/li><\/ul><\/li><\/ul><\/nav><\/div>\n","protected":false},"excerpt":{"rendered":"<p>(*) RSS-Fedd siehe hier : wikipedia Zu Seite 1 der Klima &#8211; Rss-Feeds : hier Feeds- \u00dcberblick (zur Zeit) unter 2 Grad (Bundesregierung) z.Zt. defekt Waz Bochum sueddeutsche \u2013 Politik SPIEGEL.de komplett \u2013 RSS-Feed mit allen Artikeln Faz.net Thema : Klima Energie und Umwelt klimaschutz netz Bioskill Umwelt neues energiezeitalter Die Feeds unter 2 Grad &hellip; <a href=\"https:\/\/boklima.de\/?page_id=10977\" class=\"more-link\"><span class=\"screen-reader-text\">\u201eRSS*-Feeds zum Thema Klima&#8230;  ( 2 \/ 2 )\u201c <\/span>weiterlesen<\/a><\/p>\n","protected":false},"author":2,"featured_media":0,"parent":0,"menu_order":0,"comment_status":"open","ping_status":"closed","template":"","meta":{"ngg_post_thumbnail":0,"_mc_calendar":[],"footnotes":""},"class_list":["post-10977","page","type-page","status-publish","hentry"],"rttpg_featured_image_url":null,"rttpg_author":{"display_name":"thomas - als admin","author_link":"https:\/\/boklima.de\/?author=2"},"rttpg_comment":0,"rttpg_category":null,"rttpg_excerpt":"(*) RSS-Fedd siehe hier : wikipedia Zu Seite 1 der Klima &#8211; Rss-Feeds : hier Feeds- \u00dcberblick (zur Zeit) unter 2 Grad (Bundesregierung) z.Zt. defekt Waz Bochum sueddeutsche \u2013 Politik SPIEGEL.de komplett \u2013 RSS-Feed mit allen Artikeln Faz.net Thema : Klima Energie und Umwelt klimaschutz netz Bioskill Umwelt neues energiezeitalter Die Feeds unter 2 Grad&hellip;","_links":{"self":[{"href":"https:\/\/boklima.de\/index.php?rest_route=\/wp\/v2\/pages\/10977","targetHints":{"allow":["GET"]}}],"collection":[{"href":"https:\/\/boklima.de\/index.php?rest_route=\/wp\/v2\/pages"}],"about":[{"href":"https:\/\/boklima.de\/index.php?rest_route=\/wp\/v2\/types\/page"}],"author":[{"embeddable":true,"href":"https:\/\/boklima.de\/index.php?rest_route=\/wp\/v2\/users\/2"}],"replies":[{"embeddable":true,"href":"https:\/\/boklima.de\/index.php?rest_route=%2Fwp%2Fv2%2Fcomments&post=10977"}],"version-history":[{"count":2,"href":"https:\/\/boklima.de\/index.php?rest_route=\/wp\/v2\/pages\/10977\/revisions"}],"predecessor-version":[{"id":10986,"href":"https:\/\/boklima.de\/index.php?rest_route=\/wp\/v2\/pages\/10977\/revisions\/10986"}],"wp:attachment":[{"href":"https:\/\/boklima.de\/index.php?rest_route=%2Fwp%2Fv2%2Fmedia&parent=10977"}],"curies":[{"name":"wp","href":"https:\/\/api.w.org\/{rel}","templated":true}]}}